{"id":1404,"date":"2026-04-23T14:38:39","date_gmt":"2026-04-23T14:38:39","guid":{"rendered":"https:\/\/softsrl.fr\/?post_type=product&#038;p=1404"},"modified":"2026-04-23T14:39:24","modified_gmt":"2026-04-23T14:39:24","slug":"coreldraw-technical-suite-2026-i-windows","status":"publish","type":"product","link":"https:\/\/softsrl.fr\/fr\/produit\/coreldraw-technical-suite-2026-i-windows\/","title":{"rendered":"CorelDRAW Technical Suite 2026 I Windows"},"content":{"rendered":"<p>Si vous recherchez un logiciel qui vous permet de cr\u00e9er non seulement des graphiques attrayants, mais aussi des dessins techniques pr\u00e9cis et bien structur\u00e9s, des vues \u00e9clat\u00e9es, des manuels d\u2019utilisation, de la documentation de production et des supports illustratifs d\u00e9taill\u00e9s, CorelDRAW 2026 Technical Suite est un choix fiable. Ce pack est id\u00e9al pour les flux de travail o\u00f9 la qualit\u00e9 visuelle, la clart\u00e9 et la pr\u00e9cision technique sont tout aussi importantes.<\/p>\n<p>Le logiciel est particuli\u00e8rement utile dans les environnements d\u2019ing\u00e9nierie, industriels, de fabrication, \u00e9ducatifs et de support produit, o\u00f9 les dessins et les illustrations doivent \u00eatre non seulement esth\u00e9tiques, mais aussi clairs et informatifs. Gr\u00e2ce \u00e0 lui, vous pouvez plus facilement cr\u00e9er des supports qui facilitent la documentation interne, les guides d\u2019utilisation, les instructions de montage ou encore les \u00e9l\u00e9ments visuels des pr\u00e9sentations de produits.<\/p>\n<h3>Des outils efficaces pour le travail quotidien<\/h3>\n<p>CorelDRAW 2026 Technical Suite propose des fonctionnalit\u00e9s qui rendent la cr\u00e9ation de contenus techniques et graphiques plus fluide :<\/p>\n<ul>\n<li>cr\u00e9ation de dessins vectoriels et d\u2019illustrations techniques<\/li>\n<li>r\u00e9alisation de diagrammes d\u00e9taill\u00e9s, de sch\u00e9mas et de vues d\u2019assemblage<\/li>\n<li>mise en page de documents, de pages de documentation et de supports multipages<\/li>\n<li>cotation pr\u00e9cise, annotations et organisation visuelle<\/li>\n<li>\u00e9dition et mise \u00e0 jour d\u2019\u00e9l\u00e9ments graphiques existants et de contenus techniques<\/li>\n<\/ul>\n<p>Le flux de travail reste confortable m\u00eame lorsque vous travaillez sur des projets plus complexes, modifiez des documents multipages ou souhaitez cr\u00e9er une apparence coh\u00e9rente entre diff\u00e9rents supports. L\u2019environnement optimis\u00e9 pour un usage technique vous aide \u00e0 g\u00e9rer les d\u00e9tails sans ralentir votre travail, en favorisant rapidit\u00e9 et pr\u00e9cision.<\/p>\n<h3>Des r\u00e9sultats professionnels en environnement technique et professionnel<\/h3>\n<p>Ce logiciel est parfaitement adapt\u00e9 aux t\u00e2ches o\u00f9 il est essentiel que le r\u00e9sultat final soit \u00e0 la fois informatif, structur\u00e9 et de haute qualit\u00e9. Qu\u2019il s\u2019agisse de descriptions de produits, de manuels d\u2019utilisation, de dessins de composants, de supports p\u00e9dagogiques ou de documentation de production, vous pouvez plus facilement cr\u00e9er un syst\u00e8me visuel compr\u00e9hensible par tous.<\/p>\n<p>Conform\u00e9ment \u00e0 son nom Technical Suite, le logiciel est particuli\u00e8rement efficace pour les t\u00e2ches o\u00f9 une simple esth\u00e9tique ne suffit pas : la pr\u00e9cision, la structure, un syst\u00e8me d\u2019annotation clair et une documentation coh\u00e9rente sont \u00e9galement essentiels. Cela constitue un avantage majeur lorsque la communication visuelle doit \u00e9galement transmettre des informations techniques.<\/p>\n<h3>Livraison et utilisation<\/h3>\n<p>Le produit est disponible en format num\u00e9rique, avec une livraison <strong>par e-mail<\/strong>. Vous pouvez ainsi acc\u00e9der rapidement aux informations n\u00e9cessaires et commencer l\u2019installation et le travail en peu de temps.<\/p>\n<h3>Configuration syst\u00e8me Windows<\/h3>\n<p>Pour une utilisation fluide, il est recommand\u00e9 de disposer de :<\/p>\n<ul>\n<li>syst\u00e8me d\u2019exploitation Windows 64 bits<\/li>\n<li>processeur moderne multi-c\u0153ur<\/li>\n<li>au moins 8 Go de RAM<\/li>\n<li>espace de stockage suffisant pour l\u2019installation et les projets<\/li>\n<li>\u00e9cran \u00e0 haute r\u00e9solution pour un travail plus confortable<\/li>\n<li>connexion Internet pour l\u2019activation et l\u2019acc\u00e8s aux services n\u00e9cessaires<\/li>\n<\/ul>\n<p>CorelDRAW 2026 Technical Suite est un choix id\u00e9al si vous souhaitez cr\u00e9er des supports techniques pr\u00e9cis, faciles \u00e0 utiliser et visuellement de haute qualit\u00e9 dans un environnement professionnel.<\/p>","protected":false},"excerpt":{"rendered":"<ul>\n<li>\ud83d\udee0\ufe0f <strong>Pour illustrations techniques<\/strong> \u2013 id\u00e9al pour dessins d\u00e9taill\u00e9s, vues \u00e9clat\u00e9es et documentation<\/li>\n<li>\ud83d\udcd0 <strong>\u00c9dition pr\u00e9cise<\/strong> \u2013 adapt\u00e9 \u00e0 la cr\u00e9ation de supports visuels dimensionn\u00e9s, clairs et informatifs<\/li>\n<li>\ud83d\udcc4 <strong>Pour documentation complexe<\/strong> \u2013 pour manuels, descriptions de produits et supports techniques multipages<\/li>\n<li>\ud83d\udcbc <strong>Pour environnements professionnels<\/strong> \u2013 adapt\u00e9 aux t\u00e2ches d\u2019ing\u00e9nierie, de production, d\u2019\u00e9ducation et de business<\/li>\n<li>\ud83d\udce7 <strong>Livraison par e-mail<\/strong> \u2013 format num\u00e9rique avec acc\u00e8s rapide<\/li>\n<\/ul>","protected":false},"featured_media":1405,"comment_status":"open","ping_status":"closed","template":"","meta":[],"product_brand":[],"product_cat":[34],"product_tag":[],"class_list":{"0":"post-1404","1":"product","2":"type-product","3":"status-publish","4":"has-post-thumbnail","6":"product_cat-graphical","8":"first","9":"instock","10":"sale","11":"shipping-taxable","12":"purchasable","13":"product-type-simple"},"_links":{"self":[{"href":"https:\/\/softsrl.fr\/fr\/wp-json\/wp\/v2\/product\/1404","targetHints":{"allow":["GET"]}}],"collection":[{"href":"https:\/\/softsrl.fr\/fr\/wp-json\/wp\/v2\/product"}],"about":[{"href":"https:\/\/softsrl.fr\/fr\/wp-json\/wp\/v2\/types\/product"}],"replies":[{"embeddable":true,"href":"https:\/\/softsrl.fr\/fr\/wp-json\/wp\/v2\/comments?post=1404"}],"wp:featuredmedia":[{"embeddable":true,"href":"https:\/\/softsrl.fr\/fr\/wp-json\/wp\/v2\/media\/1405"}],"wp:attachment":[{"href":"https:\/\/softsrl.fr\/fr\/wp-json\/wp\/v2\/media?parent=1404"}],"wp:term":[{"taxonomy":"product_brand","embeddable":true,"href":"https:\/\/softsrl.fr\/fr\/wp-json\/wp\/v2\/product_brand?post=1404"},{"taxonomy":"product_cat","embeddable":true,"href":"https:\/\/softsrl.fr\/fr\/wp-json\/wp\/v2\/product_cat?post=1404"},{"taxonomy":"product_tag","embeddable":true,"href":"https:\/\/softsrl.fr\/fr\/wp-json\/wp\/v2\/product_tag?post=1404"}],"curies":[{"name":"wp","href":"https:\/\/api.w.org\/{rel}","templated":true}]}}