{"id":1379,"date":"2025-11-28T09:04:34","date_gmt":"2025-11-28T09:04:34","guid":{"rendered":"https:\/\/softsrl.fr\/?post_type=product&#038;p=1379"},"modified":"2025-11-28T09:04:34","modified_gmt":"2025-11-28T09:04:34","slug":"coreldraw-technical-suite-2025-i-windows","status":"publish","type":"product","link":"https:\/\/softsrl.fr\/fr\/produit\/coreldraw-technical-suite-2025-i-windows\/","title":{"rendered":"CorelDRAW Technical Suite 2025 I Windows"},"content":{"rendered":"<h3 data-start=\"0\" data-end=\"47\">\ud83c\udfa8 CorelDRAW Technical Suite 2025 | Windows<\/h3>\n<p data-start=\"49\" data-end=\"441\">CorelDRAW Technical Suite 2025 est une solution professionnelle compl\u00e8te sp\u00e9cialement con\u00e7ue pour les illustrateurs techniques, ing\u00e9nieurs, \u00e9quipes de documentation et entreprises industrielles. Cette suite puissante permet de cr\u00e9er des illustrations techniques pr\u00e9cises, des sch\u00e9mas complexes, des manuels produits et des visuels industriels avec une grande clart\u00e9 et un rendu professionnel.<\/p>\n<p data-start=\"443\" data-end=\"900\">Elle comprend des outils avanc\u00e9s pour l\u2019illustration vectorielle, la mise en page, la retouche photo et la gestion des polices, ainsi qu\u2019un module sp\u00e9cialis\u00e9 pour la cr\u00e9ation de dessins techniques d\u00e9taill\u00e9s et de vues isom\u00e9triques. Gr\u00e2ce \u00e0 la compatibilit\u00e9 avec de nombreux formats CAD et graphiques standards, le logiciel facilite l\u2019importation et l\u2019exportation de donn\u00e9es techniques, garantissant une int\u00e9gration fluide dans les flux de travail existants.<\/p>\n<p data-start=\"902\" data-end=\"1378\">Optimis\u00e9e pour Windows, la version 2025 offre de meilleures performances, une stabilit\u00e9 accrue et une interface moderne, permettant de travailler plus rapidement et plus efficacement, m\u00eame sur des projets complexes de grande envergure. Que ce soit pour des pi\u00e8ces d\u00e9tach\u00e9es, des sch\u00e9mas industriels, des manuels techniques ou des pr\u00e9sentations professionnelles, CorelDRAW Technical Suite 2025 offre la pr\u00e9cision et la fiabilit\u00e9 requises pour les environnements professionnels.<\/p>","protected":false},"excerpt":{"rendered":"<article class=\"text-token-text-primary w-full focus:outline-none [--shadow-height:45px] has-data-writing-block:pointer-events-none has-data-writing-block:-mt-(--shadow-height) has-data-writing-block:pt-(--shadow-height) [&amp;:has([data-writing-block])&gt;*]:pointer-events-auto [content-visibility:auto] supports-[content-visibility:auto]:[contain-intrinsic-size:auto_100lvh] scroll-mt-[calc(var(--header-height)+min(200px,max(70px,20svh)))]\" dir=\"auto\" tabindex=\"-1\" data-turn-id=\"6a531dc5-c891-4c2e-983f-c10d9474ff1d\" data-testid=\"conversation-turn-2\" data-scroll-anchor=\"true\" data-turn=\"assistant\">\n<div class=\"text-base my-auto mx-auto pb-10 [--thread-content-margin:--spacing(4)] thread-sm:[--thread-content-margin:--spacing(6)] thread-lg:[--thread-content-margin:--spacing(16)] px-(--thread-content-margin)\">\n<div class=\"[--thread-content-max-width:40rem] thread-lg:[--thread-content-max-width:48rem] mx-auto max-w-(--thread-content-max-width) flex-1 group\/turn-messages focus-visible:outline-hidden relative flex w-full min-w-0 flex-col agent-turn\" tabindex=\"-1\">\n<div class=\"flex max-w-full flex-col grow\">\n<div class=\"min-h-8 text-message relative flex w-full flex-col items-end gap-2 text-start break-words whitespace-normal [.text-message+&amp;]:mt-1\" dir=\"auto\" data-message-author-role=\"assistant\" data-message-id=\"a50d053e-bcd9-453d-8f38-389df506a775\" data-message-model-slug=\"gpt-5-1\">\n<div class=\"flex w-full flex-col gap-1 empty:hidden first:pt-[1px]\">\n<div class=\"markdown prose dark:prose-invert w-full break-words dark markdown-new-styling\">\n<h4 data-start=\"1380\" data-end=\"1409\">\u2705 Points forts en bref :<\/h4>\n<ul data-start=\"1410\" data-end=\"1682\" data-is-last-node=\"\" data-is-only-node=\"\">\n<li data-start=\"1410\" data-end=\"1465\">\n<p data-start=\"1412\" data-end=\"1465\">\ud83d\udee0\ufe0f Illustration technique avanc\u00e9e et dessin pr\u00e9cis<\/p>\n<\/li>\n<li data-start=\"1466\" data-end=\"1518\">\n<p data-start=\"1468\" data-end=\"1518\">\ud83d\udcd0 Prise en charge des formats CAD et graphiques<\/p>\n<\/li>\n<li data-start=\"1519\" data-end=\"1580\">\n<p data-start=\"1521\" data-end=\"1580\">\ud83d\udcc4 Cr\u00e9ation de manuels et documentations professionnelles<\/p>\n<\/li>\n<li data-start=\"1581\" data-end=\"1623\">\n<p data-start=\"1583\" data-end=\"1623\">\u26a1 Performances optimis\u00e9es pour Windows<\/p>\n<\/li>\n<li data-start=\"1624\" data-end=\"1682\" data-is-last-node=\"\">\n<p data-start=\"1626\" data-end=\"1682\" data-is-last-node=\"\">\ud83c\udfa8 Outils complets pour design, retouche et mise en page<\/p>\n<\/li>\n<\/ul>\n<\/div>\n<\/div>\n<\/div>\n<\/div>\n<div class=\"z-0 flex min-h-[46px] justify-start\"><\/div>\n<div class=\"mt-3 w-full empty:hidden\">\n<div class=\"text-center\"><\/div>\n<\/div>\n<\/div>\n<\/div>\n<\/article>\n<div class=\"pointer-events-none h-px w-px\" aria-hidden=\"true\" data-edge=\"true\"><\/div>\n","protected":false},"featured_media":1380,"comment_status":"open","ping_status":"closed","template":"","meta":[],"product_brand":[],"product_cat":[34],"product_tag":[],"class_list":{"0":"post-1379","1":"product","2":"type-product","3":"status-publish","4":"has-post-thumbnail","6":"product_cat-graphical","8":"first","9":"instock","10":"sale","11":"shipping-taxable","12":"purchasable","13":"product-type-simple"},"_links":{"self":[{"href":"https:\/\/softsrl.fr\/fr\/wp-json\/wp\/v2\/product\/1379","targetHints":{"allow":["GET"]}}],"collection":[{"href":"https:\/\/softsrl.fr\/fr\/wp-json\/wp\/v2\/product"}],"about":[{"href":"https:\/\/softsrl.fr\/fr\/wp-json\/wp\/v2\/types\/product"}],"replies":[{"embeddable":true,"href":"https:\/\/softsrl.fr\/fr\/wp-json\/wp\/v2\/comments?post=1379"}],"wp:featuredmedia":[{"embeddable":true,"href":"https:\/\/softsrl.fr\/fr\/wp-json\/wp\/v2\/media\/1380"}],"wp:attachment":[{"href":"https:\/\/softsrl.fr\/fr\/wp-json\/wp\/v2\/media?parent=1379"}],"wp:term":[{"taxonomy":"product_brand","embeddable":true,"href":"https:\/\/softsrl.fr\/fr\/wp-json\/wp\/v2\/product_brand?post=1379"},{"taxonomy":"product_cat","embeddable":true,"href":"https:\/\/softsrl.fr\/fr\/wp-json\/wp\/v2\/product_cat?post=1379"},{"taxonomy":"product_tag","embeddable":true,"href":"https:\/\/softsrl.fr\/fr\/wp-json\/wp\/v2\/product_tag?post=1379"}],"curies":[{"name":"wp","href":"https:\/\/api.w.org\/{rel}","templated":true}]}}