{"id":1285,"date":"2025-11-06T17:27:53","date_gmt":"2025-11-06T17:27:53","guid":{"rendered":"https:\/\/softsrl.fr\/?post_type=product&#038;p=1285"},"modified":"2025-11-18T16:34:21","modified_gmt":"2025-11-18T16:34:21","slug":"office-365-acrobat-pro-2020","status":"publish","type":"product","link":"https:\/\/softsrl.fr\/fr\/produit\/office-365-acrobat-pro-2020\/","title":{"rendered":"Office 365 + Acrobat Pro 2020"},"content":{"rendered":"<p class=\"sr-only\">Augmentez votre productivit\u00e9 et g\u00e9rez vos documents efficacement gr\u00e2ce \u00e0 la puissante combinaison de <strong data-start=\"94\" data-end=\"108\">Office 365<\/strong> et <strong data-start=\"113\" data-end=\"133\">Acrobat Pro 2020<\/strong> pour Windows.<\/p>\n<div class=\"text-base my-auto mx-auto pb-10 [--thread-content-margin:--spacing(4)] thread-sm:[--thread-content-margin:--spacing(6)] thread-lg:[--thread-content-margin:--spacing(16)] px-(--thread-content-margin)\">\n<div class=\"[--thread-content-max-width:40rem] thread-lg:[--thread-content-max-width:48rem] mx-auto max-w-(--thread-content-max-width) flex-1 group\/turn-messages focus-visible:outline-hidden relative flex w-full min-w-0 flex-col agent-turn\" tabindex=\"-1\">\n<div class=\"flex max-w-full flex-col grow\">\n<div class=\"min-h-8 text-message relative flex w-full flex-col items-end gap-2 text-start break-words whitespace-normal [.text-message+&amp;]:mt-1\" dir=\"auto\" data-message-author-role=\"assistant\" data-message-id=\"1e571fec-ff87-4983-a1e5-13accc0aee27\" data-message-model-slug=\"gpt-5\">\n<div class=\"flex w-full flex-col gap-1 empty:hidden first:pt-[1px]\">\n<div class=\"markdown prose dark:prose-invert w-full break-words dark markdown-new-styling\">\n<p data-start=\"0\" data-end=\"312\">Ce pack est id\u00e9al pour les professionnels, les \u00e9tudiants et les entreprises ayant besoin d\u2019applications bureautiques de haute qualit\u00e9, ainsi que d\u2019outils fiables pour travailler avec des fichiers PDF.<\/p>\n<p data-start=\"314\" data-end=\"584\"><strong data-start=\"314\" data-end=\"328\">Office 365<\/strong> vous donne acc\u00e8s \u00e0 l\u2019ensemble des applications essentielles de Microsoft \u2014 <strong data-start=\"398\" data-end=\"443\">Word, Excel, PowerPoint, Outlook, OneNote<\/strong> et <strong data-start=\"449\" data-end=\"458\">Teams<\/strong> \u2014 accompagn\u00e9es d\u2019un stockage cloud et de fonctions de collaboration en temps r\u00e9el. Restez productif, organis\u00e9 et connect\u00e9 o\u00f9 que vous soyez.<\/p>\n<p data-start=\"586\" data-end=\"890\"><strong data-start=\"586\" data-end=\"606\">Acrobat Pro 2020<\/strong> offre des outils professionnels pour cr\u00e9er, modifier, convertir et s\u00e9curiser vos documents PDF. Avec la reconnaissance de texte avanc\u00e9e (OCR), l\u2019\u00e9dition de formulaires et la prise en charge des signatures \u00e9lectroniques, il garantit un flux de travail fluide et efficace \u2014 enti\u00e8rement hors ligne et sans abonnement.<\/p>\n<p data-start=\"892\" data-end=\"1069\">Ensemble, <strong data-start=\"902\" data-end=\"935\">Office 365 + Acrobat Pro 2020<\/strong> constituent une solution compl\u00e8te pour le travail moderne \u2014 communication intelligente, cr\u00e9ation professionnelle de documents et contr\u00f4le total de vos fichiers.<\/p>\n<\/div>\n<\/div>\n<\/div>\n<\/div>\n<\/div>\n<\/div>\n","protected":false},"excerpt":{"rendered":"<p data-start=\"1076\" data-end=\"1471\" data-is-last-node=\"\" data-is-only-node=\"\">\ud83d\udcca <strong data-start=\"1079\" data-end=\"1093\">Office 365<\/strong> \u2013 Word, Excel, PowerPoint, Outlook, et plus encore avec options de collaboration cloud<br data-start=\"1171\" data-end=\"1174\" \/>\ud83d\udcc4 <strong data-start=\"1177\" data-end=\"1197\">Acrobat Pro 2020<\/strong> \u2013 outils professionnels pour cr\u00e9er, modifier et convertir des PDF<br data-start=\"1261\" data-end=\"1264\" \/>\u2699\ufe0f Fonctionnement enti\u00e8rement hors ligne dans Acrobat Pro 2020, aucun abonnement requis<br data-start=\"1339\" data-end=\"1342\" \/>\u2601\ufe0f Stockage cloud et collaboration d\u2019\u00e9quipe via Office 365<br data-start=\"1400\" data-end=\"1403\" \/>\ud83d\udce6 Livraison num\u00e9rique instantan\u00e9e et activation \u00e0 vie des deux produits<\/p>","protected":false},"featured_media":1300,"comment_status":"open","ping_status":"closed","template":"","meta":[],"product_brand":[],"product_cat":[34,32,35],"product_tag":[],"class_list":{"0":"post-1285","1":"product","2":"type-product","3":"status-publish","4":"has-post-thumbnail","6":"product_cat-graphical","7":"product_cat-office","8":"product_cat-offres-forfaitaires","10":"first","11":"instock","12":"sale","13":"shipping-taxable","14":"purchasable","15":"product-type-simple"},"_links":{"self":[{"href":"https:\/\/softsrl.fr\/fr\/wp-json\/wp\/v2\/product\/1285","targetHints":{"allow":["GET"]}}],"collection":[{"href":"https:\/\/softsrl.fr\/fr\/wp-json\/wp\/v2\/product"}],"about":[{"href":"https:\/\/softsrl.fr\/fr\/wp-json\/wp\/v2\/types\/product"}],"replies":[{"embeddable":true,"href":"https:\/\/softsrl.fr\/fr\/wp-json\/wp\/v2\/comments?post=1285"}],"wp:featuredmedia":[{"embeddable":true,"href":"https:\/\/softsrl.fr\/fr\/wp-json\/wp\/v2\/media\/1300"}],"wp:attachment":[{"href":"https:\/\/softsrl.fr\/fr\/wp-json\/wp\/v2\/media?parent=1285"}],"wp:term":[{"taxonomy":"product_brand","embeddable":true,"href":"https:\/\/softsrl.fr\/fr\/wp-json\/wp\/v2\/product_brand?post=1285"},{"taxonomy":"product_cat","embeddable":true,"href":"https:\/\/softsrl.fr\/fr\/wp-json\/wp\/v2\/product_cat?post=1285"},{"taxonomy":"product_tag","embeddable":true,"href":"https:\/\/softsrl.fr\/fr\/wp-json\/wp\/v2\/product_tag?post=1285"}],"curies":[{"name":"wp","href":"https:\/\/api.w.org\/{rel}","templated":true}]}}