{"id":1278,"date":"2025-11-06T17:27:53","date_gmt":"2025-11-06T17:27:53","guid":{"rendered":"https:\/\/softsrl.fr\/?post_type=product&#038;p=1278"},"modified":"2025-11-18T16:21:18","modified_gmt":"2025-11-18T16:21:18","slug":"windows-11-pro-photoshop-2021-i-windows","status":"publish","type":"product","link":"https:\/\/softsrl.fr\/fr\/produit\/windows-11-pro-photoshop-2021-i-windows\/","title":{"rendered":"Windows 11 Pro + Photoshop 2021 I Windows"},"content":{"rendered":"<p data-start=\"0\" data-end=\"94\">\ud83d\udcbc <strong data-start=\"3\" data-end=\"92\">Windows 11 Pro + Photoshop 2021 \u2013 Pack Cr\u00e9atif &amp; Professionnel Complet pour Windows<\/strong><\/p>\n<p data-start=\"96\" data-end=\"431\">Lib\u00e9rez votre <strong data-start=\"108\" data-end=\"139\">cr\u00e9ativit\u00e9 et productivit\u00e9<\/strong> gr\u00e2ce \u00e0 ce bundle exclusif \u2014 <strong data-start=\"169\" data-end=\"187\">Windows 11 Pro<\/strong> et <strong data-start=\"192\" data-end=\"210\">Photoshop 2021<\/strong> pour Windows.<br data-start=\"223\" data-end=\"226\" \/>Parfait pour les <strong data-start=\"238\" data-end=\"286\">professionnels, designers et utilisateurs quotidiens<\/strong>, cette combinaison offre un <strong data-start=\"316\" data-end=\"353\">syst\u00e8me d\u2019exploitation puissant et stable<\/strong> associ\u00e9 \u00e0 l\u2019un des <strong data-start=\"382\" data-end=\"415\">outils d\u2019\u00e9dition d\u2019images les plus polyvalents<\/strong> jamais cr\u00e9\u00e9s.<\/p>\n<p data-start=\"433\" data-end=\"720\"><strong data-start=\"433\" data-end=\"451\">Windows 11 Pro<\/strong> propose une <strong data-start=\"461\" data-end=\"493\">interface moderne et \u00e9l\u00e9gante<\/strong> pens\u00e9e pour la <strong data-start=\"507\" data-end=\"542\">rapidit\u00e9, la s\u00e9curit\u00e9 et la simplicit\u00e9<\/strong>. Avec un multit\u00e2che am\u00e9lior\u00e9, une protection de niveau entreprise et une compatibilit\u00e9 compl\u00e8te avec les applications professionnelles, il constitue la base id\u00e9ale pour le travail comme pour la cr\u00e9ation.<\/p>\n<p data-start=\"722\" data-end=\"1154\"><strong data-start=\"722\" data-end=\"740\">Photoshop 2021<\/strong> offre un ensemble complet d\u2019outils pour <strong data-start=\"783\" data-end=\"837\">la retouche photo, le design graphique et l\u2019art num\u00e9rique<\/strong>. Que vous am\u00e9lioriez des photos haute r\u00e9solution, cr\u00e9iez des visuels web ou pr\u00e9pariez des mises en page pour l\u2019impression, vous b\u00e9n\u00e9ficierez de la pr\u00e9cision et du contr\u00f4le n\u00e9cessaires pour donner vie \u00e0 toutes vos id\u00e9es.<br data-start=\"1012\" data-end=\"1015\" \/>Cette version fonctionne <strong data-start=\"1033\" data-end=\"1050\">enti\u00e8rement hors ligne<\/strong>, ne n\u00e9cessitant <strong data-start=\"1062\" data-end=\"1101\">aucune connexion cloud ni abonnement<\/strong>, garantissant ainsi <strong data-start=\"1112\" data-end=\"1151\">des performances optimales et une fiabilit\u00e9 maximale<\/strong>.<\/p>\n<p data-start=\"1156\" data-end=\"1324\">Ensemble, <strong data-start=\"1166\" data-end=\"1201\">Windows 11 Pro + Photoshop 2021<\/strong> cr\u00e9ent <strong data-start=\"1213\" data-end=\"1246\">l\u2019environnement cr\u00e9atif ultime<\/strong> \u2014 une combinaison parfaite de <strong data-start=\"1268\" data-end=\"1302\">rapidit\u00e9, style et productivit\u00e9<\/strong> pour tous les flux de travail.<\/p>\n<hr data-start=\"1326\" data-end=\"1329\" \/>\n<h3 data-start=\"1331\" data-end=\"1352\">\u2699\ufe0f Caract\u00e9ristiques principales<\/h3>\n<p data-start=\"1354\" data-end=\"1702\">\ud83d\udcbb <strong data-start=\"1357\" data-end=\"1375\">Windows 11 Pro<\/strong> \u2013 syst\u00e8me d\u2019exploitation professionnel, s\u00e9curis\u00e9 et performant<br data-start=\"1437\" data-end=\"1440\" \/>\ud83c\udfa8 <strong data-start=\"1443\" data-end=\"1461\">Photoshop 2021<\/strong> \u2013 puissant \u00e9diteur photo et logiciel de design<br data-start=\"1505\" data-end=\"1508\" \/>\u2699\ufe0f <strong data-start=\"1511\" data-end=\"1542\">Fonctionnalit\u00e9 enti\u00e8rement hors ligne<\/strong> \u2013 aucun abonnement ni connexion cloud requise<br data-start=\"1584\" data-end=\"1587\" \/>\u26a1 <strong data-start=\"1589\" data-end=\"1635\">Optimis\u00e9 pour la performance et le multit\u00e2che<\/strong><br data-start=\"1635\" data-end=\"1638\" \/>\ud83d\udce6 <strong data-start=\"1641\" data-end=\"1688\">Livraison digitale instantan\u00e9e &amp; licence \u00e0 vie<\/strong> pour Windows<\/p>","protected":false},"excerpt":{"rendered":"<p data-start=\"1738\" data-end=\"2066\" data-is-last-node=\"\" data-is-only-node=\"\">\ud83e\udde0 <strong data-start=\"1741\" data-end=\"1803\">Configuration cr\u00e9ative et professionnelle compl\u00e8te pour les utilisateurs Windows<\/strong><br data-start=\"1803\" data-end=\"1806\" \/>\ud83d\udd11 <strong data-start=\"1809\" data-end=\"1872\">Licence \u00e0 vie \u2013 activation unique, propri\u00e9t\u00e9 permanente<\/strong><br data-start=\"1872\" data-end=\"1875\" \/>\ud83d\ude80 <strong data-start=\"1878\" data-end=\"1935\">Plateforme rapide, stable et s\u00e9curis\u00e9e pour le travail et la cr\u00e9ation<\/strong><br data-start=\"1935\" data-end=\"1938\" \/>\ud83c\udfa8 <strong data-start=\"1941\" data-end=\"1999\">Parfait pour l\u2019\u00e9dition, le design et la cr\u00e9ation num\u00e9rique<\/strong><br data-start=\"1999\" data-end=\"2002\" \/>\ud83c\udf10 <strong data-start=\"2005\" data-end=\"2066\">Fonctionnement hors ligne \u2013 aucune d\u00e9pendance au cloud ni frais r\u00e9currents<\/strong><\/p>","protected":false},"featured_media":1293,"comment_status":"open","ping_status":"closed","template":"","meta":[],"product_brand":[],"product_cat":[34,35,15],"product_tag":[],"class_list":{"0":"post-1278","1":"product","2":"type-product","3":"status-publish","4":"has-post-thumbnail","6":"product_cat-graphical","7":"product_cat-offres-forfaitaires","8":"product_cat-systemes-dexploitation","10":"first","11":"instock","12":"sale","13":"shipping-taxable","14":"purchasable","15":"product-type-simple"},"_links":{"self":[{"href":"https:\/\/softsrl.fr\/fr\/wp-json\/wp\/v2\/product\/1278","targetHints":{"allow":["GET"]}}],"collection":[{"href":"https:\/\/softsrl.fr\/fr\/wp-json\/wp\/v2\/product"}],"about":[{"href":"https:\/\/softsrl.fr\/fr\/wp-json\/wp\/v2\/types\/product"}],"replies":[{"embeddable":true,"href":"https:\/\/softsrl.fr\/fr\/wp-json\/wp\/v2\/comments?post=1278"}],"wp:featuredmedia":[{"embeddable":true,"href":"https:\/\/softsrl.fr\/fr\/wp-json\/wp\/v2\/media\/1293"}],"wp:attachment":[{"href":"https:\/\/softsrl.fr\/fr\/wp-json\/wp\/v2\/media?parent=1278"}],"wp:term":[{"taxonomy":"product_brand","embeddable":true,"href":"https:\/\/softsrl.fr\/fr\/wp-json\/wp\/v2\/product_brand?post=1278"},{"taxonomy":"product_cat","embeddable":true,"href":"https:\/\/softsrl.fr\/fr\/wp-json\/wp\/v2\/product_cat?post=1278"},{"taxonomy":"product_tag","embeddable":true,"href":"https:\/\/softsrl.fr\/fr\/wp-json\/wp\/v2\/product_tag?post=1278"}],"curies":[{"name":"wp","href":"https:\/\/api.w.org\/{rel}","templated":true}]}}