{"id":1277,"date":"2025-11-06T17:27:53","date_gmt":"2025-11-06T17:27:53","guid":{"rendered":"https:\/\/softsrl.fr\/?post_type=product&#038;p=1277"},"modified":"2025-11-18T16:22:54","modified_gmt":"2025-11-18T16:22:54","slug":"illustrator-2025-windows-i-black-friday","status":"publish","type":"product","link":"https:\/\/softsrl.fr\/fr\/produit\/illustrator-2025-windows-i-black-friday\/","title":{"rendered":"Illustrator 2025 &#8211; Windows I BLACK FRIDAY"},"content":{"rendered":"<p data-start=\"129\" data-end=\"198\">\ud83d\udcbc <strong data-start=\"132\" data-end=\"198\">Illustrator 2025 | Windows \u2013 Outil Professionnel de Graphisme Vectoriel<\/strong><\/p>\n<p data-start=\"200\" data-end=\"658\"><strong data-start=\"200\" data-end=\"224\">Description du produit :<\/strong><br data-start=\"224\" data-end=\"227\" \/>Le nouveau <strong data-start=\"235\" data-end=\"255\">Illustrator 2025<\/strong> offre une pr\u00e9cision et des performances in\u00e9gal\u00e9es dans le domaine du graphisme vectoriel.<br data-start=\"331\" data-end=\"334\" \/>Cet outil professionnel est con\u00e7u pour tous ceux qui souhaitent cr\u00e9er des logos, ic\u00f4nes, illustrations, banni\u00e8res ou supports imprim\u00e9s avec un contr\u00f4le total des formes, des couleurs et des d\u00e9tails.<br data-start=\"522\" data-end=\"525\" \/>Gr\u00e2ce \u00e0 son interface intuitive et \u00e0 ses performances optimis\u00e9es, il garantit une utilisation fluide m\u00eame lors de projets de grande envergure.<\/p>\n<p data-start=\"660\" data-end=\"1027\">Le programme repose sur les principes \u00e9prouv\u00e9s du design vectoriel, o\u00f9 chaque \u00e9l\u00e9ment reste parfaitement net, quelle que soit sa taille.<br data-start=\"781\" data-end=\"784\" \/>Les outils de travail sur les trac\u00e9s, n\u0153uds et courbes sont d\u00e9sormais encore plus pr\u00e9cis, permettant d\u2019obtenir des r\u00e9sultats professionnels sans effort.<br data-start=\"920\" data-end=\"923\" \/>Les utilisateurs appr\u00e9cieront la <strong data-start=\"949\" data-end=\"986\">vitesse, la stabilit\u00e9 et la fiabilit\u00e9<\/strong> lors de la cr\u00e9ation de projets graphiques complexes.<\/p>\n<p data-start=\"1029\" data-end=\"1378\">Un avantage majeur r\u00e9side dans la possibilit\u00e9 de combiner des techniques classiques avec des outils modernes d\u00e9di\u00e9s \u00e0 la typographie, aux couleurs et aux effets.<br data-start=\"1145\" data-end=\"1148\" \/>Le nouveau <strong data-start=\"1156\" data-end=\"1183\">syst\u00e8me de gestion des couleurs<\/strong> garantit que les rendus imprim\u00e9s et num\u00e9riques correspondent toujours exactement au r\u00e9sultat souhait\u00e9.<br data-start=\"1255\" data-end=\"1258\" \/>Les panneaux am\u00e9lior\u00e9s pour les d\u00e9grad\u00e9s, la transparence et les symboles facilitent davantage la cr\u00e9ation de compositions visuelles complexes.<\/p>\n<p data-start=\"1380\" data-end=\"1637\">L\u2019interface est claire et facilement personnalisable selon les pr\u00e9f\u00e9rences de chacun.<br data-start=\"1453\" data-end=\"1456\" \/>Les utilisateurs peuvent ajuster les panneaux, espaces de travail et raccourcis pour s\u2019adapter \u00e0 leur flux de travail \u2014 ce qui am\u00e9liore consid\u00e9rablement la productivit\u00e9 et permet de se concentrer pleinement sur le processus cr\u00e9atif sans distraction.<\/p>\n<p data-start=\"1639\" data-end=\"2054\"><strong data-start=\"1639\" data-end=\"1659\">Illustrator 2025<\/strong> est id\u00e9al pour les professionnels du design graphique, de la publicit\u00e9, de l\u2019impression et des m\u00e9dias num\u00e9riques.<br data-start=\"1744\" data-end=\"1747\" \/>Il permet une exportation facile vers un large \u00e9ventail de formats, garantissant une compatibilit\u00e9 optimale avec les imprimeurs, les plateformes web et d\u2019autres logiciels de cr\u00e9ation.<br data-start=\"1894\" data-end=\"1897\" \/>Gr\u00e2ce \u00e0 sa pr\u00e9cision et \u00e0 sa flexibilit\u00e9, il offre des possibilit\u00e9s cr\u00e9atives illimit\u00e9es \u2014 des logos minimalistes aux illustrations d\u00e9taill\u00e9es avec effets r\u00e9alistes.<\/p>\n<p data-start=\"2056\" data-end=\"2335\">Le programme est optimis\u00e9 pour une <strong data-start=\"2085\" data-end=\"2105\">haute performance<\/strong>, m\u00eame lors de la manipulation de gros projets, assurant un fonctionnement fluide et un rendu rapide dans les conceptions complexes et multi-calques.<br data-start=\"2221\" data-end=\"2224\" \/>Cela en fait un excellent choix aussi bien pour les professionnels que pour les d\u00e9butants souhaitant d\u00e9velopper leurs comp\u00e9tences en graphisme vectoriel.<\/p>\n<p data-start=\"2337\" data-end=\"2524\">Que vous cr\u00e9iez une identit\u00e9 visuelle, des \u00e9l\u00e9ments web ou des supports imprim\u00e9s, <strong data-start=\"2406\" data-end=\"2426\">Illustrator 2025<\/strong> fournit tout ce dont vous avez besoin pour une pr\u00e9cision parfaite, une cr\u00e9ativit\u00e9 maximale et une fiabilit\u00e9 totale dans chaque projet.<\/p>\n<p>&nbsp;<\/p>\n<hr data-start=\"2956\" data-end=\"2959\" \/>","protected":false},"excerpt":{"rendered":"<p data-start=\"117\" data-end=\"573\">\u270f\ufe0f <strong data-start=\"120\" data-end=\"148\">Cr\u00e9ation vectorielle avanc\u00e9e<\/strong> \u2013 outils pr\u00e9cis pour les formes, les courbes et les trac\u00e9s.<br data-start=\"196\" data-end=\"199\" \/>\ud83c\udfaf <strong data-start=\"202\" data-end=\"238\">Pr\u00e9cision et performances maximales<\/strong> \u2013 id\u00e9al pour les illustrations d\u00e9taill\u00e9es et les projets de grande envergure.<br data-start=\"299\" data-end=\"302\" data-is-only-node=\"\" \/>\ud83c\udfa8 <strong data-start=\"305\" data-end=\"349\">Travail flexible des couleurs et de la typographie<\/strong> \u2013 d\u00e9grad\u00e9s, styles et palettes de couleurs pr\u00e9cis.<br data-start=\"399\" data-end=\"402\" \/>\u2699\ufe0f <strong data-start=\"405\" data-end=\"432\">Interface conviviale<\/strong> \u2013 enti\u00e8rement personnalisable pour s\u2019adapter \u00e0 votre flux de travail.<br data-start=\"486\" data-end=\"489\" \/>\ud83d\udca1 <strong data-start=\"492\" data-end=\"520\">Options d\u2019exportation \u00e9tendues<\/strong> \u2013 compatibilit\u00e9 totale avec l\u2019impression et les supports num\u00e9riques.<\/p>","protected":false},"featured_media":1292,"comment_status":"open","ping_status":"closed","template":"","meta":[],"product_brand":[],"product_cat":[34],"product_tag":[],"class_list":{"0":"post-1277","1":"product","2":"type-product","3":"status-publish","4":"has-post-thumbnail","6":"product_cat-graphical","8":"first","9":"instock","10":"sale","11":"shipping-taxable","12":"purchasable","13":"product-type-simple"},"_links":{"self":[{"href":"https:\/\/softsrl.fr\/fr\/wp-json\/wp\/v2\/product\/1277","targetHints":{"allow":["GET"]}}],"collection":[{"href":"https:\/\/softsrl.fr\/fr\/wp-json\/wp\/v2\/product"}],"about":[{"href":"https:\/\/softsrl.fr\/fr\/wp-json\/wp\/v2\/types\/product"}],"replies":[{"embeddable":true,"href":"https:\/\/softsrl.fr\/fr\/wp-json\/wp\/v2\/comments?post=1277"}],"wp:featuredmedia":[{"embeddable":true,"href":"https:\/\/softsrl.fr\/fr\/wp-json\/wp\/v2\/media\/1292"}],"wp:attachment":[{"href":"https:\/\/softsrl.fr\/fr\/wp-json\/wp\/v2\/media?parent=1277"}],"wp:term":[{"taxonomy":"product_brand","embeddable":true,"href":"https:\/\/softsrl.fr\/fr\/wp-json\/wp\/v2\/product_brand?post=1277"},{"taxonomy":"product_cat","embeddable":true,"href":"https:\/\/softsrl.fr\/fr\/wp-json\/wp\/v2\/product_cat?post=1277"},{"taxonomy":"product_tag","embeddable":true,"href":"https:\/\/softsrl.fr\/fr\/wp-json\/wp\/v2\/product_tag?post=1277"}],"curies":[{"name":"wp","href":"https:\/\/api.w.org\/{rel}","templated":true}]}}