{"id":1241,"date":"2025-11-06T17:27:40","date_gmt":"2025-11-06T17:27:40","guid":{"rendered":"https:\/\/softsrl.fr\/?post_type=product&#038;p=1241"},"modified":"2025-11-18T16:00:40","modified_gmt":"2025-11-18T16:00:40","slug":"windows-11-pro-office-2024-pro-plus","status":"publish","type":"product","link":"https:\/\/softsrl.fr\/fr\/produit\/windows-11-pro-office-2024-pro-plus\/","title":{"rendered":"Windows 11 Pro + Office 2024 Pro Plus"},"content":{"rendered":"<p data-start=\"0\" data-end=\"116\">\ud83d\udcbc <strong data-start=\"3\" data-end=\"114\">Windows 11 Pro + Office 2024 Pro Plus \u2013 Solution professionnelle compl\u00e8te pour entreprise et productivit\u00e9<\/strong><\/p>\n<p data-start=\"118\" data-end=\"525\">Le pack <strong data-start=\"122\" data-end=\"163\">Windows 11 Pro + Office 2024 Pro Plus<\/strong> offre une <strong data-start=\"183\" data-end=\"221\">solution compl\u00e8te tout-en-un<\/strong> pour les <strong data-start=\"226\" data-end=\"273\">professionnels, entreprises et institutions<\/strong>.<br data-start=\"274\" data-end=\"277\" \/>Il combine le <strong data-start=\"301\" data-end=\"344\">syst\u00e8me d\u2019exploitation le plus r\u00e9cent et le plus s\u00e9curis\u00e9<\/strong> de Microsoft avec une <strong data-start=\"352\" data-end=\"385\">suite Office compl\u00e8te et enti\u00e8rement hors ligne<\/strong>, fournissant tout ce dont vous avez besoin pour la productivit\u00e9, la communication et la gestion documentaire \u2014 <strong data-start=\"475\" data-end=\"522\">sans abonnement et avec licence \u00e0 vie<\/strong>.<\/p>\n<p data-start=\"527\" data-end=\"634\">Parfait pour les utilisateurs qui recherchent <strong data-start=\"555\" data-end=\"599\">stabilit\u00e9, performance et contr\u00f4le total<\/strong> de leur environnement logiciel.<\/p>\n<hr data-start=\"636\" data-end=\"639\" \/>\n<h3 data-start=\"641\" data-end=\"667\">\u2699\ufe0f Logiciels inclus<\/h3>\n<p data-start=\"669\" data-end=\"693\">\ud83d\udda5\ufe0f <strong data-start=\"673\" data-end=\"691\">Windows 11 Pro<\/strong><\/p>\n<ul data-start=\"694\" data-end=\"972\">\n<li data-start=\"694\" data-end=\"754\">\n<p data-start=\"696\" data-end=\"754\">Syst\u00e8me d\u2019exploitation moderne et s\u00e9curis\u00e9 avec hautes performances<\/p>\n<\/li>\n<li data-start=\"755\" data-end=\"843\">\n<p data-start=\"757\" data-end=\"843\">Fonctionnalit\u00e9s professionnelles : <strong data-start=\"776\" data-end=\"789\">BitLocker<\/strong>, <strong data-start=\"791\" data-end=\"809\">Bureau \u00e0 distance<\/strong> et <strong data-start=\"815\" data-end=\"841\">virtualisation Hyper-V<\/strong><\/p>\n<\/li>\n<li data-start=\"844\" data-end=\"927\">\n<p data-start=\"846\" data-end=\"927\">Outils multit\u00e2ches am\u00e9lior\u00e9s incluant <strong data-start=\"884\" data-end=\"900\">Snap Layouts<\/strong> et les <strong data-start=\"905\" data-end=\"925\">bureaux virtuels<\/strong><\/p>\n<\/li>\n<li data-start=\"928\" data-end=\"972\">\n<p data-start=\"930\" data-end=\"972\">Id\u00e9al pour un usage professionnel et en entreprise<\/p>\n<\/li>\n<\/ul>\n<p data-start=\"974\" data-end=\"1012\">\ud83d\udce6 <strong data-start=\"977\" data-end=\"1010\">Office 2024 Professional Plus<\/strong><\/p>\n<ul data-start=\"1013\" data-end=\"1330\">\n<li data-start=\"1013\" data-end=\"1108\">\n<p data-start=\"1015\" data-end=\"1108\">Inclut <strong data-start=\"1024\" data-end=\"1083\">Word, Excel, PowerPoint, Outlook et Access <\/strong><em data-start=\"1084\" data-end=\"1106\">(Teams non inclus)<\/em><\/p>\n<\/li>\n<li data-start=\"1109\" data-end=\"1207\">\n<p data-start=\"1111\" data-end=\"1207\">Suite <strong data-start=\"1116\" data-end=\"1141\">bureau hors ligne compl\u00e8te<\/strong> pour cr\u00e9er documents, feuilles de calcul, e-mails et pr\u00e9sentations<\/p>\n<\/li>\n<li data-start=\"1208\" data-end=\"1281\">\n<p data-start=\"1210\" data-end=\"1281\">Optimis\u00e9e pour <strong data-start=\"1224\" data-end=\"1255\">la performance et la fiabilit\u00e9<\/strong> en environnement hors ligne<\/p>\n<\/li>\n<li data-start=\"1282\" data-end=\"1330\">\n<p data-start=\"1284\" data-end=\"1330\">Compatible avec <strong data-start=\"1300\" data-end=\"1328\">Windows 10 \/ 11 (64 bits)<\/strong><\/p>\n<\/li>\n<\/ul>\n<hr data-start=\"1332\" data-end=\"1335\" \/>\n<h3 data-start=\"1337\" data-end=\"1358\">\u2699\ufe0f Fonctionnalit\u00e9s cl\u00e9s<\/h3>\n<p data-start=\"1360\" data-end=\"1646\">\ud83d\udcbb <strong data-start=\"1363\" data-end=\"1385\">Pack deux-en-un<\/strong> \u2013 Syst\u00e8me d\u2019exploitation + suite Office<br data-start=\"1419\" data-end=\"1422\" \/>\ud83d\ude80 <strong data-start=\"1425\" data-end=\"1447\">Activation hors ligne<\/strong> \u2013 Licence \u00e0 vie avec configuration unique<br data-start=\"1486\" data-end=\"1489\" \/>\ud83d\udd12 <strong data-start=\"1492\" data-end=\"1534\">S\u00e9curit\u00e9 et chiffrement de niveau entreprise<\/strong><br data-start=\"1534\" data-end=\"1537\" \/>\ud83e\udde0 <strong data-start=\"1540\" data-end=\"1586\">Performances optimis\u00e9es et stabilit\u00e9 du syst\u00e8me<\/strong><br data-start=\"1586\" data-end=\"1589\" \/>\ud83e\udde9 <strong data-start=\"1592\" data-end=\"1644\">Id\u00e9al pour entreprises, \u00e9coles et professionnels<\/strong><\/p>\n<hr data-start=\"1648\" data-end=\"1651\" \/>\n<h3 data-start=\"1653\" data-end=\"1671\">\ud83e\udde0 Id\u00e9al pour<\/h3>\n<ul data-start=\"1673\" data-end=\"1904\">\n<li data-start=\"1673\" data-end=\"1737\">\n<p data-start=\"1675\" data-end=\"1737\"><strong data-start=\"1675\" data-end=\"1710\">Entreprises, bureaux et \u00e9coles<\/strong> configurant de nouveaux ordinateurs<\/p>\n<\/li>\n<li data-start=\"1738\" data-end=\"1827\">\n<p data-start=\"1740\" data-end=\"1827\"><strong data-start=\"1740\" data-end=\"1773\">Freelances et professionnels<\/strong> pr\u00e9f\u00e9rant une licence permanente sans frais mensuels<\/p>\n<\/li>\n<li data-start=\"1828\" data-end=\"1904\">\n<p data-start=\"1830\" data-end=\"1904\"><strong data-start=\"1830\" data-end=\"1847\">Utilisateurs hors ligne<\/strong> recherchant fiabilit\u00e9, performance et contr\u00f4le total<\/p>\n<\/li>\n<\/ul>\n<hr data-start=\"1906\" data-end=\"1909\" \/>\n<h3 data-start=\"1911\" data-end=\"1941\">\u2139\ufe0f Informations importantes<\/h3>\n<ul data-start=\"1943\" data-end=\"2179\">\n<li data-start=\"1943\" data-end=\"2007\">\n<p data-start=\"1945\" data-end=\"2007\"><strong data-start=\"1945\" data-end=\"1962\">Type de licence :<\/strong> Perp\u00e9tuelle (\u00e0 vie) \u2013 activation unique<\/p>\n<\/li>\n<li data-start=\"2008\" data-end=\"2067\">\n<p data-start=\"2010\" data-end=\"2067\"><strong data-start=\"2010\" data-end=\"2025\">Activation :<\/strong> Fonctionne enti\u00e8rement hors ligne apr\u00e8s la configuration initiale<\/p>\n<\/li>\n<li data-start=\"2068\" data-end=\"2115\">\n<p data-start=\"2070\" data-end=\"2115\"><strong data-start=\"2070\" data-end=\"2088\">Compatibilit\u00e9 :<\/strong> Windows 10 \/ 11 (64 bits)<\/p>\n<\/li>\n<li data-start=\"2116\" data-end=\"2179\">\n<p data-start=\"2118\" data-end=\"2179\"><strong data-start=\"2118\" data-end=\"2131\">Livraison :<\/strong> T\u00e9l\u00e9chargement num\u00e9rique \u2013 aucun support physique inclus<\/p>\n<\/li>\n<\/ul>","protected":false},"excerpt":{"rendered":"<p data-start=\"0\" data-end=\"412\" data-is-last-node=\"\" data-is-only-node=\"\">\n\ud83d\udcbb <strong data-start=\"3\" data-end=\"49\">Pack professionnel complet \u2013 OS + Office<\/strong><br data-start=\"49\" data-end=\"52\" \/><br \/>\n\ud83d\udcc4 <strong data-start=\"55\" data-end=\"68\">Inclut :<\/strong> Word, Excel, PowerPoint, Outlook, Access<br data-start=\"120\" data-end=\"123\" \/><br \/>\n\ud83d\udd12 <strong data-start=\"126\" data-end=\"154\">Solution s\u00e9curis\u00e9e &#038; stable<\/strong> \u2013 con\u00e7ue pour les environnements professionnels<br data-start=\"188\" data-end=\"191\" \/><br \/>\n\ud83d\ude80 <strong data-start=\"194\" data-end=\"214\">Haute performance<\/strong> \u2013 fonctionnement fluide avec activation hors ligne<br data-start=\"257\" data-end=\"260\" \/><br \/>\n\ud83e\udde0 <strong data-start=\"263\" data-end=\"283\">Licence \u00e0 vie<\/strong> \u2013 paiement unique, propri\u00e9t\u00e9 permanente<br data-start=\"323\" data-end=\"326\" \/><br \/>\n\ud83c\udf10 <strong data-start=\"329\" data-end=\"368\">Parfait pour bureaux &#038; professionnels<\/strong> \u2013 suite de productivit\u00e9 fiable et efficace<\/p>","protected":false},"featured_media":1271,"comment_status":"open","ping_status":"closed","template":"","meta":[],"product_brand":[],"product_cat":[32,35,15],"product_tag":[],"class_list":{"0":"post-1241","1":"product","2":"type-product","3":"status-publish","4":"has-post-thumbnail","6":"product_cat-office","7":"product_cat-offres-forfaitaires","8":"product_cat-systemes-dexploitation","10":"first","11":"instock","12":"sale","13":"shipping-taxable","14":"purchasable","15":"product-type-simple"},"_links":{"self":[{"href":"https:\/\/softsrl.fr\/fr\/wp-json\/wp\/v2\/product\/1241","targetHints":{"allow":["GET"]}}],"collection":[{"href":"https:\/\/softsrl.fr\/fr\/wp-json\/wp\/v2\/product"}],"about":[{"href":"https:\/\/softsrl.fr\/fr\/wp-json\/wp\/v2\/types\/product"}],"replies":[{"embeddable":true,"href":"https:\/\/softsrl.fr\/fr\/wp-json\/wp\/v2\/comments?post=1241"}],"wp:featuredmedia":[{"embeddable":true,"href":"https:\/\/softsrl.fr\/fr\/wp-json\/wp\/v2\/media\/1271"}],"wp:attachment":[{"href":"https:\/\/softsrl.fr\/fr\/wp-json\/wp\/v2\/media?parent=1241"}],"wp:term":[{"taxonomy":"product_brand","embeddable":true,"href":"https:\/\/softsrl.fr\/fr\/wp-json\/wp\/v2\/product_brand?post=1241"},{"taxonomy":"product_cat","embeddable":true,"href":"https:\/\/softsrl.fr\/fr\/wp-json\/wp\/v2\/product_cat?post=1241"},{"taxonomy":"product_tag","embeddable":true,"href":"https:\/\/softsrl.fr\/fr\/wp-json\/wp\/v2\/product_tag?post=1241"}],"curies":[{"name":"wp","href":"https:\/\/api.w.org\/{rel}","templated":true}]}}