{"id":1228,"date":"2025-11-06T17:27:40","date_gmt":"2025-11-06T17:27:40","guid":{"rendered":"https:\/\/softsrl.fr\/?post_type=product&#038;p=1228"},"modified":"2025-11-18T16:17:58","modified_gmt":"2025-11-18T16:17:58","slug":"autodesk-revit-2025-1-year","status":"publish","type":"product","link":"https:\/\/softsrl.fr\/fr\/produit\/autodesk-revit-2025-1-year\/","title":{"rendered":"Autodesk Revit 2025 &#8211; 1 year"},"content":{"rendered":"<p data-start=\"0\" data-end=\"77\">\ud83d\udcbc <strong data-start=\"3\" data-end=\"75\">Autodesk Revit 2025 \u2013 Plateforme avanc\u00e9e de conception BIM et de collaboration<\/strong><\/p>\n<p data-start=\"79\" data-end=\"612\"><strong data-start=\"79\" data-end=\"102\">Autodesk Revit 2025<\/strong> est la <strong data-start=\"110\" data-end=\"195\">derni\u00e8re version de la principale plateforme BIM (Building Information Modeling) d\u2019Autodesk<\/strong>, d\u00e9velopp\u00e9e pour les <strong data-start=\"211\" data-end=\"296\">architectes, ing\u00e9nieurs structure, sp\u00e9cialistes MEP et professionnels de la construction<\/strong> qui ont besoin d\u2019outils puissants pour la <strong data-start=\"327\" data-end=\"389\">conception, la documentation et la collaboration pluridisciplinaire<\/strong>.<br data-start=\"390\" data-end=\"393\" \/>Cette version introduit des am\u00e9liorations majeures dans <strong data-start=\"439\" data-end=\"468\">la mod\u00e9lisation de site et de terrain<\/strong>, <strong data-start=\"470\" data-end=\"489\">la cr\u00e9ation de familles<\/strong>, <strong data-start=\"491\" data-end=\"518\">les workflows de documentation<\/strong> et <strong data-start=\"524\" data-end=\"552\">l\u2019interop\u00e9rabilit\u00e9 OpenBIM<\/strong>, permettant <strong data-start=\"563\" data-end=\"609\">un travail d\u2019\u00e9quipe plus efficace entre disciplines<\/strong>.<\/p>\n<p data-start=\"614\" data-end=\"813\">La <strong data-start=\"618\" data-end=\"649\">licence d\u2019abonnement 1 an<\/strong> accorde \u00e0 un utilisateur un acc\u00e8s complet \u00e0 Revit 2025 pendant 12 mois, incluant <strong data-start=\"717\" data-end=\"760\">toutes les mises \u00e0 jour, l\u2019assistance technique Autodesk<\/strong> et l\u2019acc\u00e8s aux <strong data-start=\"776\" data-end=\"794\">services cloud<\/strong> lorsque disponibles.<\/p>\n<hr data-start=\"815\" data-end=\"818\" \/>\n<h3 data-start=\"820\" data-end=\"858\">\u2699\ufe0f Fonctionnalit\u00e9s et am\u00e9liorations cl\u00e9s<\/h3>\n<p data-start=\"860\" data-end=\"1679\">\ud83c\udfd7\ufe0f <strong data-start=\"864\" data-end=\"910\">Outils am\u00e9lior\u00e9s de mod\u00e9lisation Toposolid et de site<\/strong> \u2013 meilleure cr\u00e9ation de terrain, fonctionnalit\u00e9 \u00ab mod\u00e9liser par face \u00bb et analyse des volumes de coupe\/remblai.<br data-start=\"1000\" data-end=\"1003\" \/>\ud83d\udcc4 <strong data-start=\"1006\" data-end=\"1055\">Collections de feuilles &amp; documentation optimis\u00e9e<\/strong> \u2013 regroupez des feuilles, alignez les annotations et profitez d\u2019une navigation plus rapide dans le Project Browser.<br data-start=\"1146\" data-end=\"1149\" \/>\ud83d\udd04 <strong data-start=\"1152\" data-end=\"1199\">Interop\u00e9rabilit\u00e9 am\u00e9lior\u00e9e &amp; support OpenBIM<\/strong> \u2013 meilleur export IFC, liaison de fichiers STEP et \u00e9change de donn\u00e9es pluridisciplinaires renforc\u00e9.<br data-start=\"1286\" data-end=\"1289\" \/>\ud83c\udf9b\ufe0f <strong data-start=\"1293\" data-end=\"1339\">Interface utilisateur raffin\u00e9e &amp; gestion des familles<\/strong> \u2013 champs d\u2019\u00e9l\u00e9ments 0\/1, contr\u00f4les de placement am\u00e9lior\u00e9s et meilleure gestion des annotations.<br data-start=\"1432\" data-end=\"1435\" \/>\ud83d\ude80 <strong data-start=\"1438\" data-end=\"1466\">Optimisation des performances<\/strong> \u2013 chargement plus rapide, exportation en arri\u00e8re-plan et fonctionnement plus fluide sur des projets de grande envergure.<br data-start=\"1554\" data-end=\"1557\" \/>\ud83d\udd27 <strong data-start=\"1560\" data-end=\"1583\">Abonnement annuel<\/strong> \u2013 inclut toutes les mises \u00e0 jour, \u00e9volutions et support technique pendant la p\u00e9riode active.<\/p>\n<hr data-start=\"1681\" data-end=\"1684\" \/>\n<h3 data-start=\"1686\" data-end=\"1704\">\ud83e\udde0 Id\u00e9al pour<\/h3>\n<ul data-start=\"1706\" data-end=\"1996\">\n<li data-start=\"1706\" data-end=\"1793\">\n<p data-start=\"1708\" data-end=\"1793\"><strong data-start=\"1708\" data-end=\"1759\">Professionnels Architecture, Structure et MEP<\/strong> travaillant dans un environnement BIM.<\/p>\n<\/li>\n<li data-start=\"1794\" data-end=\"1893\">\n<p data-start=\"1796\" data-end=\"1893\"><strong data-start=\"1796\" data-end=\"1822\">\u00c9quipes et agences de conception<\/strong> recherchant une plateforme BIM robuste et \u00e0 jour sous mod\u00e8le d\u2019abonnement.<\/p>\n<\/li>\n<li data-start=\"1894\" data-end=\"1996\">\n<p data-start=\"1896\" data-end=\"1996\"><strong data-start=\"1896\" data-end=\"1913\">Organisations<\/strong> ax\u00e9es sur la mod\u00e9lisation de terrain, la documentation efficace et la collaboration OpenBIM.<\/p>\n<\/li>\n<\/ul>\n<hr data-start=\"1998\" data-end=\"2001\" \/>\n<h3 data-start=\"2003\" data-end=\"2033\">\u2139\ufe0f Informations importantes<\/h3>\n<ul data-start=\"2035\" data-end=\"2495\">\n<li data-start=\"2035\" data-end=\"2102\">\n<p data-start=\"2037\" data-end=\"2102\"><strong data-start=\"2037\" data-end=\"2054\">Type de licence :<\/strong> Abonnement 1 an (pas une licence perp\u00e9tuelle)<\/p>\n<\/li>\n<li data-start=\"2103\" data-end=\"2200\">\n<p data-start=\"2105\" data-end=\"2200\"><strong data-start=\"2105\" data-end=\"2122\">Plan de licence :<\/strong> Poste utilisateur unique (v\u00e9rifier les conditions r\u00e9gionales Autodesk pour l\u2019installation)<\/p>\n<\/li>\n<li data-start=\"2201\" data-end=\"2295\">\n<p data-start=\"2203\" data-end=\"2295\"><strong data-start=\"2203\" data-end=\"2227\">Configuration requise :<\/strong> Compatible Windows 64 bits ; suivre les sp\u00e9cifications recommand\u00e9es par Autodesk<\/p>\n<\/li>\n<li data-start=\"2296\" data-end=\"2385\">\n<p data-start=\"2298\" data-end=\"2385\"><strong data-start=\"2298\" data-end=\"2322\">Connexion Internet :<\/strong> Requise pour l\u2019activation, les mises \u00e0 jour et la connexion au compte Autodesk<\/p>\n<\/li>\n<li data-start=\"2386\" data-end=\"2495\">\n<p data-start=\"2388\" data-end=\"2495\"><strong data-start=\"2388\" data-end=\"2411\">Modules suppl\u00e9mentaires :<\/strong> Certaines fonctionnalit\u00e9s avanc\u00e9es (MEP, Structure) peuvent n\u00e9cessiter des modules ou licences suppl\u00e9mentaires<\/p>\n<\/li>\n<\/ul>\n<hr data-start=\"2497\" data-end=\"2500\" \/>\n<h3 data-start=\"2502\" data-end=\"2529\"><\/h3>","protected":false},"excerpt":{"rendered":"<p data-start=\"2531\" data-end=\"2958\" data-is-last-node=\"\" data-is-only-node=\"\">\ud83c\udfd7\ufe0f <strong data-start=\"2535\" data-end=\"2588\">Plateforme BIM compl\u00e8te pour la conception et la construction<\/strong><br data-start=\"2588\" data-end=\"2591\" \/>\ud83c\udf0d <strong data-start=\"2594\" data-end=\"2648\">Mod\u00e9lisation avanc\u00e9e du terrain et du site avec Toposolids<\/strong><br data-start=\"2648\" data-end=\"2651\" \/>\ud83d\udcc4 <strong data-start=\"2654\" data-end=\"2708\">Documentation simplifi\u00e9e et organisation des plans<\/strong><br data-start=\"2708\" data-end=\"2711\" \/>\ud83d\udd04 <strong data-start=\"2714\" data-end=\"2767\">Interop\u00e9rabilit\u00e9 exceptionnelle (IFC, STEP, OpenBIM)<\/strong><br data-start=\"2767\" data-end=\"2770\" \/>\ud83d\ude80 <strong data-start=\"2773\" data-end=\"2823\">Am\u00e9liorations significatives des performances et de la vitesse<\/strong><br data-start=\"2823\" data-end=\"2826\" \/>\ud83d\uddd3\ufe0f <strong data-start=\"2830\" data-end=\"2848\">Licence 1 an<\/strong> \u2013 acc\u00e8s continu aux mises \u00e0 jour et \u00e0 l\u2019assistance<br data-start=\"2891\" data-end=\"2894\" \/>\ud83d\udcbc <strong data-start=\"2897\" data-end=\"2958\" data-is-last-node=\"\">Parfait pour les professionnels AEC et les \u00e9quipes pluridisciplinaires<\/strong><\/p>","protected":false},"featured_media":1258,"comment_status":"open","ping_status":"closed","template":"","meta":[],"product_brand":[],"product_cat":[33],"product_tag":[],"class_list":{"0":"post-1228","1":"product","2":"type-product","3":"status-publish","4":"has-post-thumbnail","6":"product_cat-conception-ingenierie","8":"first","9":"instock","10":"sale","11":"shipping-taxable","12":"purchasable","13":"product-type-simple"},"_links":{"self":[{"href":"https:\/\/softsrl.fr\/fr\/wp-json\/wp\/v2\/product\/1228","targetHints":{"allow":["GET"]}}],"collection":[{"href":"https:\/\/softsrl.fr\/fr\/wp-json\/wp\/v2\/product"}],"about":[{"href":"https:\/\/softsrl.fr\/fr\/wp-json\/wp\/v2\/types\/product"}],"replies":[{"embeddable":true,"href":"https:\/\/softsrl.fr\/fr\/wp-json\/wp\/v2\/comments?post=1228"}],"wp:featuredmedia":[{"embeddable":true,"href":"https:\/\/softsrl.fr\/fr\/wp-json\/wp\/v2\/media\/1258"}],"wp:attachment":[{"href":"https:\/\/softsrl.fr\/fr\/wp-json\/wp\/v2\/media?parent=1228"}],"wp:term":[{"taxonomy":"product_brand","embeddable":true,"href":"https:\/\/softsrl.fr\/fr\/wp-json\/wp\/v2\/product_brand?post=1228"},{"taxonomy":"product_cat","embeddable":true,"href":"https:\/\/softsrl.fr\/fr\/wp-json\/wp\/v2\/product_cat?post=1228"},{"taxonomy":"product_tag","embeddable":true,"href":"https:\/\/softsrl.fr\/fr\/wp-json\/wp\/v2\/product_tag?post=1228"}],"curies":[{"name":"wp","href":"https:\/\/api.w.org\/{rel}","templated":true}]}}