{"id":1225,"date":"2025-11-06T17:27:39","date_gmt":"2025-11-06T17:27:39","guid":{"rendered":"https:\/\/softsrl.fr\/?post_type=product&#038;p=1225"},"modified":"2025-11-14T14:41:44","modified_gmt":"2025-11-14T14:41:44","slug":"autodesk-3ds-max-1year","status":"publish","type":"product","link":"https:\/\/softsrl.fr\/fr\/produit\/autodesk-3ds-max-1year\/","title":{"rendered":"Autodesk 3ds MAX &#8211; 1year"},"content":{"rendered":"<p data-start=\"132\" data-end=\"601\">Autodesk 3ds Max 2025 est un logiciel de premier niveau pour la mod\u00e9lisation 3D, le rendu et l\u2019animation, utilis\u00e9 par les professionnels du design, de l\u2019architecture, de la visualisation et du d\u00e9veloppement de jeux vid\u00e9o.<br data-start=\"353\" data-end=\"356\" \/>Cette version offre d\u2019importantes am\u00e9liorations en mati\u00e8re de performances, une interface modernis\u00e9e et des outils intelligents permettant de cr\u00e9er plus rapidement et plus efficacement des mod\u00e8les r\u00e9alistes, des animations et des effets visuels.<\/p>\n<p data-start=\"603\" data-end=\"814\">La licence d\u2019abonnement d\u2019un an offre \u00e0 un utilisateur un acc\u00e8s complet \u00e0 l\u2019application de bureau, \u00e0 toutes les mises \u00e0 jour publi\u00e9es au cours de l\u2019ann\u00e9e, ainsi qu\u2019\u00e0 la gestion de licence via un compte Autodesk.<\/p>\n<hr data-start=\"816\" data-end=\"819\" \/>\n<p data-start=\"821\" data-end=\"870\">\u2699\ufe0f <strong data-start=\"824\" data-end=\"870\">Fonctionnalit\u00e9s principales et innovations<\/strong><\/p>\n<p data-start=\"872\" data-end=\"1779\">\ud83c\udfa8 <strong data-start=\"875\" data-end=\"912\">Outils avanc\u00e9s de mod\u00e9lisation 3D<\/strong> \u2013 cr\u00e9ez des g\u00e9om\u00e9tries complexes avec des polygones, courbes spline et surfaces param\u00e9triques<br data-start=\"1006\" data-end=\"1009\" \/>\ud83d\udca1 <strong data-start=\"1012\" data-end=\"1039\">Arnold Renderer int\u00e9gr\u00e9<\/strong> \u2013 rendu photor\u00e9aliste directement dans 3ds Max<br data-start=\"1086\" data-end=\"1089\" \/>\u2699\ufe0f <strong data-start=\"1092\" data-end=\"1122\">Smart Extrude &amp; Retopology<\/strong> \u2013 optimisation automatique de la g\u00e9om\u00e9trie et outils d\u2019\u00e9dition intelligents<br data-start=\"1198\" data-end=\"1201\" \/>\ud83e\udde0 <strong data-start=\"1204\" data-end=\"1249\">Support USD (Universal Scene Description)<\/strong> \u2013 \u00e9change de donn\u00e9es fluides entre plusieurs plateformes 3D<br data-start=\"1309\" data-end=\"1312\" \/>\ud83e\uddf1 <strong data-start=\"1315\" data-end=\"1350\">Pile de modificateurs am\u00e9lior\u00e9e<\/strong> \u2013 stabilit\u00e9 renforc\u00e9e et flux de travail plus rapides en mod\u00e9lisation et animation<br data-start=\"1433\" data-end=\"1436\" \/>\ud83d\ude80 <strong data-start=\"1439\" data-end=\"1463\">Performances accrues<\/strong> \u2013 navigation plus fluide dans le viewport et chargement plus rapide des sc\u00e8nes et simulations<br data-start=\"1557\" data-end=\"1560\" \/>\ud83c\udf10 <strong data-start=\"1563\" data-end=\"1630\">Int\u00e9gration avec Revit, AutoCAD et autres applications Autodesk<\/strong> \u2013 id\u00e9al pour la visualisation architecturale et produit<br data-start=\"1686\" data-end=\"1689\" \/>\ud83d\udd27 <strong data-start=\"1692\" data-end=\"1711\">Abonnement 1 an<\/strong> \u2013 inclut toutes les mises \u00e0 jour et l\u2019assistance technique Autodesk<\/p>\n<hr data-start=\"1781\" data-end=\"1784\" \/>\n<p data-start=\"1786\" data-end=\"1803\">\ud83e\udde9 <strong data-start=\"1789\" data-end=\"1803\">Id\u00e9al pour<\/strong><\/p>\n<p data-start=\"1805\" data-end=\"2039\">\u2022 Designers 3D, animateurs, architectes et d\u00e9veloppeurs de jeux<br data-start=\"1868\" data-end=\"1871\" \/>\u2022 Studios sp\u00e9cialis\u00e9s en visualisation architecturale ou produit<br data-start=\"1935\" data-end=\"1938\" \/>\u2022 Professionnels recherchant des outils puissants de mod\u00e9lisation et de rendu sous licence annuelle<\/p>\n<hr data-start=\"2041\" data-end=\"2044\" \/>\n<p data-start=\"2046\" data-end=\"2077\">\u2139\ufe0f <strong data-start=\"2049\" data-end=\"2077\">Informations importantes<\/strong><\/p>\n<p data-start=\"2079\" data-end=\"2357\">\u2022 Type de licence : Abonnement annuel (1 utilisateur)<br data-start=\"2132\" data-end=\"2135\" \/>\u2022 Syst\u00e8mes pris en charge : Windows 10 \/ Windows 11 (64 bits)<br data-start=\"2196\" data-end=\"2199\" \/>\u2022 Activation : Connexion Internet et compte Autodesk requis pour l\u2019activation et les mises \u00e0 jour<br data-start=\"2296\" data-end=\"2299\" \/>\u2022 Inclus : Arnold Renderer et outils 3ds Max Interactive<\/p>\n<hr data-start=\"2359\" data-end=\"2362\" \/>\n<p data-start=\"2364\" data-end=\"2774\">","protected":false},"excerpt":{"rendered":"<p data-start=\"2364\" data-end=\"2774\">\ud83c\udfa8 Outil professionnel pour mod\u00e9lisation, animation et rendu 3D<br data-start=\"2427\" data-end=\"2430\" \/>\ud83d\udca1 Arnold Renderer inclus \u2013 qualit\u00e9 photor\u00e9aliste<br data-start=\"2479\" data-end=\"2482\" \/>\u2699\ufe0f Automatisation du workflow \u2013 Smart Extrude, Retopology, Scene Converter<br data-start=\"2556\" data-end=\"2559\" \/>\ud83e\udde9 Int\u00e9gration avec Revit, AutoCAD, Maya, etc.<br data-start=\"2605\" data-end=\"2608\" \/>\ud83d\ude80 Performances am\u00e9lior\u00e9es \u2013 viewport plus rapide, meilleures simulations<br data-start=\"2681\" data-end=\"2684\" \/>\ud83d\uddd3\ufe0f Abonnement 1 an \u2013 version toujours \u00e0 jour<br data-start=\"2729\" data-end=\"2732\" \/>\ud83d\udcbb Compatible avec Windows 10\/11 (64 bits)<\/p>","protected":false},"featured_media":1255,"comment_status":"open","ping_status":"closed","template":"","meta":[],"product_brand":[],"product_cat":[33],"product_tag":[],"class_list":{"0":"post-1225","1":"product","2":"type-product","3":"status-publish","4":"has-post-thumbnail","6":"product_cat-conception-ingenierie","8":"first","9":"instock","10":"sale","11":"shipping-taxable","12":"purchasable","13":"product-type-simple"},"_links":{"self":[{"href":"https:\/\/softsrl.fr\/fr\/wp-json\/wp\/v2\/product\/1225","targetHints":{"allow":["GET"]}}],"collection":[{"href":"https:\/\/softsrl.fr\/fr\/wp-json\/wp\/v2\/product"}],"about":[{"href":"https:\/\/softsrl.fr\/fr\/wp-json\/wp\/v2\/types\/product"}],"replies":[{"embeddable":true,"href":"https:\/\/softsrl.fr\/fr\/wp-json\/wp\/v2\/comments?post=1225"}],"wp:featuredmedia":[{"embeddable":true,"href":"https:\/\/softsrl.fr\/fr\/wp-json\/wp\/v2\/media\/1255"}],"wp:attachment":[{"href":"https:\/\/softsrl.fr\/fr\/wp-json\/wp\/v2\/media?parent=1225"}],"wp:term":[{"taxonomy":"product_brand","embeddable":true,"href":"https:\/\/softsrl.fr\/fr\/wp-json\/wp\/v2\/product_brand?post=1225"},{"taxonomy":"product_cat","embeddable":true,"href":"https:\/\/softsrl.fr\/fr\/wp-json\/wp\/v2\/product_cat?post=1225"},{"taxonomy":"product_tag","embeddable":true,"href":"https:\/\/softsrl.fr\/fr\/wp-json\/wp\/v2\/product_tag?post=1225"}],"curies":[{"name":"wp","href":"https:\/\/api.w.org\/{rel}","templated":true}]}}