{"id":1217,"date":"2025-11-06T17:27:39","date_gmt":"2025-11-06T17:27:39","guid":{"rendered":"https:\/\/softsrl.fr\/?post_type=product&#038;p=1217"},"modified":"2025-11-14T17:41:25","modified_gmt":"2025-11-14T17:41:25","slug":"microsoft-windows-server-2025-datacenter-512-core-50-device-user-cal","status":"publish","type":"product","link":"https:\/\/softsrl.fr\/fr\/produit\/microsoft-windows-server-2025-datacenter-512-core-50-device-user-cal\/","title":{"rendered":"Microsoft Windows Server 2025 Datacenter\u2013 512 core \u2013 50 Device\/User Cal"},"content":{"rendered":"<p data-start=\"124\" data-end=\"231\">\ud83d\udcbc <strong data-start=\"127\" data-end=\"231\">Windows Server 2025 Datacenter \u2013 Solution serveur de niveau entreprise pour infrastructures modernes<\/strong><\/p>\n<p data-start=\"233\" data-end=\"624\">Windows Server 2025 Datacenter est la derni\u00e8re solution serveur professionnelle de Microsoft, con\u00e7ue pour transformer les infrastructures informatiques modernes.<br data-start=\"394\" data-end=\"397\" \/>Cette \u00e9dition offre une virtualisation illimit\u00e9e, une s\u00e9curit\u00e9 avanc\u00e9e et une \u00e9volutivit\u00e9 exceptionnelle, ce qui en fait le choix id\u00e9al pour les entreprises moyennes et grandes recherchant performance, flexibilit\u00e9 et fiabilit\u00e9.<\/p>\n<hr data-start=\"626\" data-end=\"629\" \/>\n<p data-start=\"631\" data-end=\"665\">\u2699\ufe0f <strong data-start=\"634\" data-end=\"665\">Fonctionnalit\u00e9s principales<\/strong><\/p>\n<p data-start=\"667\" data-end=\"894\">\u2022 Prise en charge <strong data-start=\"685\" data-end=\"698\">illimit\u00e9e<\/strong> des machines virtuelles (VM)<br data-start=\"727\" data-end=\"730\" \/>\u2022 Capacit\u00e9s cloud hybrides avanc\u00e9es<br data-start=\"765\" data-end=\"768\" \/>\u2022 M\u00e9canismes de s\u00e9curit\u00e9 renforc\u00e9s<br data-start=\"802\" data-end=\"805\" \/>\u2022 Support complet de <strong data-start=\"826\" data-end=\"851\">Storage Spaces Direct<\/strong><br data-start=\"851\" data-end=\"854\" \/>\u2022 Int\u00e9gration native de <strong data-start=\"878\" data-end=\"892\">Kubernetes<\/strong><\/p>\n<hr data-start=\"896\" data-end=\"899\" \/>\n<p data-start=\"901\" data-end=\"931\">\ud83d\udcca <strong data-start=\"904\" data-end=\"931\">Comparatif des \u00e9ditions<\/strong><\/p>\n<div class=\"_tableContainer_1rjym_1\">\n<div class=\"group _tableWrapper_1rjym_13 flex w-fit flex-col-reverse\" tabindex=\"-1\">\n<table class=\"w-fit min-w-(--thread-content-width)\" data-start=\"933\" data-end=\"1246\">\n<thead data-start=\"933\" data-end=\"991\">\n<tr data-start=\"933\" data-end=\"991\">\n<th data-start=\"933\" data-end=\"950\" data-col-size=\"sm\">Fonctionnalit\u00e9<\/th>\n<th data-start=\"950\" data-end=\"969\" data-col-size=\"sm\">Standard Edition<\/th>\n<th data-start=\"969\" data-end=\"991\" data-col-size=\"sm\">Datacenter Edition<\/th>\n<\/tr>\n<\/thead>\n<tbody data-start=\"1051\" data-end=\"1246\">\n<tr data-start=\"1051\" data-end=\"1107\">\n<td data-start=\"1051\" data-end=\"1083\" data-col-size=\"sm\">Nombre de machines virtuelles<\/td>\n<td data-start=\"1083\" data-end=\"1091\" data-col-size=\"sm\">2 VMs<\/td>\n<td data-start=\"1091\" data-end=\"1107\" data-col-size=\"sm\"><strong data-start=\"1093\" data-end=\"1105\">Illimit\u00e9<\/strong><\/td>\n<\/tr>\n<tr data-start=\"1108\" data-end=\"1144\">\n<td data-start=\"1108\" data-end=\"1126\" data-col-size=\"sm\">Storage Replica<\/td>\n<td data-start=\"1126\" data-end=\"1134\" data-col-size=\"sm\">\u274c Non<\/td>\n<td data-start=\"1134\" data-end=\"1144\" data-col-size=\"sm\">\u2714\ufe0f Oui<\/td>\n<\/tr>\n<tr data-start=\"1145\" data-end=\"1199\">\n<td data-start=\"1145\" data-end=\"1181\" data-col-size=\"sm\">Software-Defined Networking (SDN)<\/td>\n<td data-start=\"1181\" data-end=\"1189\" data-col-size=\"sm\">\u274c Non<\/td>\n<td data-start=\"1189\" data-end=\"1199\" data-col-size=\"sm\">\u2714\ufe0f Oui<\/td>\n<\/tr>\n<tr data-start=\"1200\" data-end=\"1246\">\n<td data-start=\"1200\" data-end=\"1228\" data-col-size=\"sm\">Shielded Virtual Machines<\/td>\n<td data-start=\"1228\" data-end=\"1236\" data-col-size=\"sm\">\u274c Non<\/td>\n<td data-start=\"1236\" data-end=\"1246\" data-col-size=\"sm\">\u2714\ufe0f Oui<\/td>\n<\/tr>\n<\/tbody>\n<\/table>\n<\/div>\n<\/div>\n<hr data-start=\"1248\" data-end=\"1251\" \/>\n<p data-start=\"1253\" data-end=\"1282\">\ud83d\udd12 <strong data-start=\"1256\" data-end=\"1282\">S\u00e9curit\u00e9 et protection<\/strong><\/p>\n<p data-start=\"1284\" data-end=\"1407\">Windows Server 2025 Datacenter accorde une attention particuli\u00e8re \u00e0 la protection des donn\u00e9es et \u00e0 l\u2019int\u00e9grit\u00e9 du syst\u00e8me :<\/p>\n<p data-start=\"1409\" data-end=\"1592\">\u2022 Protection avanc\u00e9e contre les malwares<br data-start=\"1449\" data-end=\"1452\" \/>\u2022 Technologie <strong data-start=\"1466\" data-end=\"1495\">Shielded Virtual Machines<\/strong><br data-start=\"1495\" data-end=\"1498\" \/>\u2022 Suite de s\u00e9curit\u00e9 Windows Defender am\u00e9lior\u00e9e<br data-start=\"1544\" data-end=\"1547\" \/>\u2022 Support de l\u2019authentification biom\u00e9trique<\/p>\n<hr data-start=\"1594\" data-end=\"1597\" \/>\n<p data-start=\"1599\" data-end=\"1626\">\ud83c\udf10 <strong data-start=\"1602\" data-end=\"1626\">Am\u00e9liorations r\u00e9seau<\/strong><\/p>\n<p data-start=\"1628\" data-end=\"1722\">Cette version introduit des innovations majeures pour les environnements r\u00e9seau d\u2019entreprise :<\/p>\n<p data-start=\"1724\" data-end=\"1900\">\u2022 R\u00e9seau d\u00e9fini par logiciel (SDN) avanc\u00e9<br data-start=\"1765\" data-end=\"1768\" \/>\u2022 \u00c9quilibrage de charge et gestion du trafic optimis\u00e9s<br data-start=\"1822\" data-end=\"1825\" \/>\u2022 Performances am\u00e9lior\u00e9es pour l\u2019acc\u00e8s \u00e0 distance<br data-start=\"1874\" data-end=\"1877\" \/>\u2022 Support IPv6 \u00e9tendu<\/p>\n<hr data-start=\"1902\" data-end=\"1905\" \/>\n<p data-start=\"1907\" data-end=\"1943\">\ud83e\udde9 <strong data-start=\"1910\" data-end=\"1943\">Configuration syst\u00e8me requise<\/strong><\/p>\n<p data-start=\"1945\" data-end=\"2071\">\u2022 Processeur : 1,4 GHz (64 bits)<br data-start=\"1977\" data-end=\"1980\" \/>\u2022 M\u00e9moire (RAM) : minimum 2 Go<br data-start=\"2010\" data-end=\"2013\" \/>\u2022 Stockage : minimum 32 Go<br data-start=\"2039\" data-end=\"2042\" \/>\u2022 R\u00e9seau : Gigabit Ethernet<\/p>\n<hr data-start=\"2073\" data-end=\"2076\" \/>\n<p data-start=\"2078\" data-end=\"2443\">","protected":false},"excerpt":{"rendered":"<p data-start=\"2078\" data-end=\"2443\">\ud83d\udca0 <strong data-start=\"2081\" data-end=\"2109\">Virtualisation illimit\u00e9e<\/strong> \u2013 ex\u00e9cutez autant de VMs que votre mat\u00e9riel le permet<br data-start=\"2163\" data-end=\"2166\" \/>\ud83d\udd12 <strong data-start=\"2169\" data-end=\"2217\">VMs prot\u00e9g\u00e9es &amp; s\u00e9curit\u00e9 avanc\u00e9e des donn\u00e9es<\/strong><br data-start=\"2217\" data-end=\"2220\" \/>\u2601\ufe0f <strong data-start=\"2223\" data-end=\"2252\">Int\u00e9gration cloud hybride<\/strong> avec Azure et Kubernetes<br data-start=\"2277\" data-end=\"2280\" \/>\u2699\ufe0f <strong data-start=\"2283\" data-end=\"2305\">Gestion r\u00e9seau SDN<\/strong> pour infrastructures modernes<br data-start=\"2335\" data-end=\"2338\" \/>\ud83c\udfe2 <strong data-start=\"2341\" data-end=\"2395\">Con\u00e7u pour les grandes entreprises et data centers<\/strong> \u2013 \u00e9volutivit\u00e9 maximale et haute disponibilit\u00e9<\/p>\n<hr data-start=\"2445\" data-end=\"2448\" \/>\n<p data-start=\"2450\" data-end=\"2644\" data-is-last-node=\"\" data-is-only-node=\"\">","protected":false},"featured_media":1247,"comment_status":"open","ping_status":"closed","template":"","meta":[],"product_brand":[],"product_cat":[15],"product_tag":[],"class_list":{"0":"post-1217","1":"product","2":"type-product","3":"status-publish","4":"has-post-thumbnail","6":"product_cat-systemes-dexploitation","8":"first","9":"instock","10":"sale","11":"shipping-taxable","12":"purchasable","13":"product-type-simple"},"_links":{"self":[{"href":"https:\/\/softsrl.fr\/fr\/wp-json\/wp\/v2\/product\/1217","targetHints":{"allow":["GET"]}}],"collection":[{"href":"https:\/\/softsrl.fr\/fr\/wp-json\/wp\/v2\/product"}],"about":[{"href":"https:\/\/softsrl.fr\/fr\/wp-json\/wp\/v2\/types\/product"}],"replies":[{"embeddable":true,"href":"https:\/\/softsrl.fr\/fr\/wp-json\/wp\/v2\/comments?post=1217"}],"wp:featuredmedia":[{"embeddable":true,"href":"https:\/\/softsrl.fr\/fr\/wp-json\/wp\/v2\/media\/1247"}],"wp:attachment":[{"href":"https:\/\/softsrl.fr\/fr\/wp-json\/wp\/v2\/media?parent=1217"}],"wp:term":[{"taxonomy":"product_brand","embeddable":true,"href":"https:\/\/softsrl.fr\/fr\/wp-json\/wp\/v2\/product_brand?post=1217"},{"taxonomy":"product_cat","embeddable":true,"href":"https:\/\/softsrl.fr\/fr\/wp-json\/wp\/v2\/product_cat?post=1217"},{"taxonomy":"product_tag","embeddable":true,"href":"https:\/\/softsrl.fr\/fr\/wp-json\/wp\/v2\/product_tag?post=1217"}],"curies":[{"name":"wp","href":"https:\/\/api.w.org\/{rel}","templated":true}]}}