{"id":1213,"date":"2025-11-06T17:27:39","date_gmt":"2025-11-06T17:27:39","guid":{"rendered":"https:\/\/softsrl.fr\/?post_type=product&#038;p=1213"},"modified":"2025-11-18T15:52:11","modified_gmt":"2025-11-18T15:52:11","slug":"windows-11-home","status":"publish","type":"product","link":"https:\/\/softsrl.fr\/fr\/produit\/windows-11-home\/","title":{"rendered":"Windows 11 Home"},"content":{"rendered":"<p data-start=\"0\" data-end=\"86\">\ud83d\udcbb <strong data-start=\"3\" data-end=\"84\">Windows 11 Home \u2013 Syst\u00e8me d\u2019exploitation nouvelle g\u00e9n\u00e9ration, moderne, \u00e9l\u00e9gant et performant<\/strong><\/p>\n<p data-start=\"88\" data-end=\"430\"><strong data-start=\"88\" data-end=\"107\">Windows 11 Home<\/strong> offre une exp\u00e9rience utilisateur totalement repens\u00e9e \u2014 combinant <strong data-start=\"166\" data-end=\"223\">design moderne, hautes performances et s\u00e9curit\u00e9 renforc\u00e9e<\/strong> dans un syst\u00e8me \u00e9l\u00e9gant.<br data-start=\"246\" data-end=\"249\" \/>C\u2019est le choix id\u00e9al pour les <strong data-start=\"277\" data-end=\"320\">utilisateurs \u00e0 domicile, \u00e9tudiants et professionnels<\/strong> recherchant un syst\u00e8me fluide, rapide et visuellement agr\u00e9able pour le travail, les \u00e9tudes ou le divertissement.<\/p>\n<p data-start=\"432\" data-end=\"706\">La <strong data-start=\"447\" data-end=\"476\">nouvelle interface de Windows 11 Home<\/strong> est \u00e9pur\u00e9e, minimaliste et intuitive.<br data-start=\"516\" data-end=\"519\" \/>Un <strong data-start=\"521\" data-end=\"544\">menu D\u00e9marrer centr\u00e9<\/strong>, des <strong data-start=\"546\" data-end=\"572\">coins de fen\u00eatres arrondis<\/strong>, des <strong data-start=\"574\" data-end=\"593\">animations fluides<\/strong> et des <strong data-start=\"599\" data-end=\"616\">ic\u00f4nes raffin\u00e9es<\/strong> cr\u00e9ent un environnement \u00e9l\u00e9gant, agr\u00e9able et sans distraction, \u00e0 la fois fonctionnel et esth\u00e9tique.<\/p>\n<p data-start=\"708\" data-end=\"974\">Gr\u00e2ce \u00e0 une meilleure optimisation des performances, le syst\u00e8me fonctionne <strong data-start=\"769\" data-end=\"811\">de mani\u00e8re fluide m\u00eame sur des appareils moins puissants<\/strong>.<br data-start=\"812\" data-end=\"815\" \/>Le multit\u00e2che n\u2019a jamais \u00e9t\u00e9 aussi simple \u2014 avec des fonctionnalit\u00e9s comme <strong data-start=\"866\" data-end=\"882\">Snap Layouts<\/strong> et les <strong data-start=\"887\" data-end=\"907\">bureaux virtuels<\/strong>, vous pouvez organiser plusieurs applications efficacement sans perdre votre concentration.<\/p>\n<p data-start=\"976\" data-end=\"1258\">La s\u00e9curit\u00e9 reste une priorit\u00e9 essentielle dans Windows 11.<br data-start=\"1022\" data-end=\"1025\" \/>Les technologies int\u00e9gr\u00e9es comme <strong data-start=\"1052\" data-end=\"1069\">Windows Hello<\/strong>, <strong data-start=\"1071\" data-end=\"1082\">TPM 2.0<\/strong> et <strong data-start=\"1088\" data-end=\"1110\">Microsoft Defender<\/strong> offrent une protection solide contre les virus, ransomwares et tentatives de phishing.<br data-start=\"1179\" data-end=\"1182\" \/>Les mises \u00e0 jour automatiques maintiennent votre syst\u00e8me <strong data-start=\"1217\" data-end=\"1242\">s\u00e9curis\u00e9 et \u00e0 jour<\/strong> en permanence.<\/p>\n<p data-start=\"1260\" data-end=\"1473\">Windows 11 Home propose \u00e9galement une <strong data-start=\"1297\" data-end=\"1355\">int\u00e9gration fluide avec les comptes Microsoft et les services cloud<\/strong> tels que <strong data-start=\"1361\" data-end=\"1403\">OneDrive, Outlook et Microsoft Store<\/strong>, vous offrant un acc\u00e8s \u00e0 vos fichiers, param\u00e8tres et applications o\u00f9 que vous soyez.<\/p>\n<p data-start=\"1475\" data-end=\"1631\">Que vous travailliez, \u00e9tudiiez, cr\u00e9iez ou jouiez \u2014 <strong data-start=\"1531\" data-end=\"1550\">Windows 11 Home<\/strong> offre une exp\u00e9rience <strong data-start=\"1562\" data-end=\"1606\">stable, s\u00e9curis\u00e9e et inspirante<\/strong> pour tout ce que vous entreprenez.<\/p>","protected":false},"excerpt":{"rendered":"<p data-start=\"1667\" data-end=\"2389\" data-is-last-node=\"\" data-is-only-node=\"\">\ud83d\udca0 <strong data-start=\"1670\" data-end=\"1687\">Design moderne<\/strong> \u2013 Interface \u00e9l\u00e9gante et minimaliste avec coins arrondis et menu D\u00e9marrer centr\u00e9<br data-start=\"1764\" data-end=\"1767\" \/>\u26a1 <strong data-start=\"1769\" data-end=\"1794\">Excellentes performances<\/strong> \u2013 R\u00e9activit\u00e9 am\u00e9lior\u00e9e, syst\u00e8me optimis\u00e9 et multit\u00e2che fluide<br data-start=\"1855\" data-end=\"1858\" \/>\ud83d\udd12 <strong data-start=\"1861\" data-end=\"1882\">S\u00e9curit\u00e9 avanc\u00e9e<\/strong> \u2013 Windows Defender, TPM 2.0 et Windows Hello pour une protection maximale<br data-start=\"1952\" data-end=\"1955\" \/>\ud83e\udde9 <strong data-start=\"1958\" data-end=\"1981\">Grande compatibilit\u00e9<\/strong> \u2013 Fonctionne parfaitement avec les applications modernes, pilotes et p\u00e9riph\u00e9riques<br data-start=\"2042\" data-end=\"2045\" data-is-only-node=\"\" \/>\u2601\ufe0f <strong data-start=\"2048\" data-end=\"2069\">Int\u00e9gration cloud<\/strong> \u2013 Synchronisation OneDrive et connexion au compte Microsoft<br data-start=\"2120\" data-end=\"2123\" \/>\ud83c\udfe0 <strong data-start=\"2126\" data-end=\"2150\">Id\u00e9al pour un usage domestique<\/strong> \u2013 Allie simplicit\u00e9, performance et \u00e9l\u00e9gance dans un seul OS<br data-start=\"2207\" data-end=\"2210\" \/>\ud83e\udde0 <strong data-start=\"2213\" data-end=\"2241\">Outils de productivit\u00e9 intelligents<\/strong> \u2013 Snap Layouts, bureaux virtuels et recherche intelligente<br data-start=\"2298\" data-end=\"2301\" \/>\ud83c\udfae <strong data-start=\"2304\" data-end=\"2331\">Divertissement illimit\u00e9<\/strong> \u2013 Exp\u00e9rience fluide pour le gaming, le streaming et le multim\u00e9dia<\/p>","protected":false},"featured_media":1243,"comment_status":"open","ping_status":"closed","template":"","meta":[],"product_brand":[],"product_cat":[15],"product_tag":[],"class_list":{"0":"post-1213","1":"product","2":"type-product","3":"status-publish","4":"has-post-thumbnail","6":"product_cat-systemes-dexploitation","8":"first","9":"instock","10":"sale","11":"shipping-taxable","12":"purchasable","13":"product-type-simple"},"_links":{"self":[{"href":"https:\/\/softsrl.fr\/fr\/wp-json\/wp\/v2\/product\/1213","targetHints":{"allow":["GET"]}}],"collection":[{"href":"https:\/\/softsrl.fr\/fr\/wp-json\/wp\/v2\/product"}],"about":[{"href":"https:\/\/softsrl.fr\/fr\/wp-json\/wp\/v2\/types\/product"}],"replies":[{"embeddable":true,"href":"https:\/\/softsrl.fr\/fr\/wp-json\/wp\/v2\/comments?post=1213"}],"wp:featuredmedia":[{"embeddable":true,"href":"https:\/\/softsrl.fr\/fr\/wp-json\/wp\/v2\/media\/1243"}],"wp:attachment":[{"href":"https:\/\/softsrl.fr\/fr\/wp-json\/wp\/v2\/media?parent=1213"}],"wp:term":[{"taxonomy":"product_brand","embeddable":true,"href":"https:\/\/softsrl.fr\/fr\/wp-json\/wp\/v2\/product_brand?post=1213"},{"taxonomy":"product_cat","embeddable":true,"href":"https:\/\/softsrl.fr\/fr\/wp-json\/wp\/v2\/product_cat?post=1213"},{"taxonomy":"product_tag","embeddable":true,"href":"https:\/\/softsrl.fr\/fr\/wp-json\/wp\/v2\/product_tag?post=1213"}],"curies":[{"name":"wp","href":"https:\/\/api.w.org\/{rel}","templated":true}]}}