{"id":1212,"date":"2025-11-06T17:27:39","date_gmt":"2025-11-06T17:27:39","guid":{"rendered":"https:\/\/softsrl.fr\/?post_type=product&#038;p=1212"},"modified":"2025-11-18T15:51:10","modified_gmt":"2025-11-18T15:51:10","slug":"windows-10-home","status":"publish","type":"product","link":"https:\/\/softsrl.fr\/fr\/produit\/windows-10-home\/","title":{"rendered":"Windows 10 Home"},"content":{"rendered":"<p data-start=\"0\" data-end=\"81\">\ud83d\udcbb <strong data-start=\"3\" data-end=\"79\">Windows 10 Home \u2013 Syst\u00e8me d\u2019exploitation rapide, s\u00e9curis\u00e9 et intuitif pour tous<\/strong><\/p>\n<p data-start=\"83\" data-end=\"479\"><strong data-start=\"83\" data-end=\"102\">Windows 10 Home<\/strong> est un syst\u00e8me d\u2019exploitation moderne, puissant et facile \u00e0 utiliser, offrant l\u2019\u00e9quilibre parfait entre <strong data-start=\"196\" data-end=\"237\">performance, simplicit\u00e9 et s\u00e9curit\u00e9<\/strong>.<br data-start=\"238\" data-end=\"241\" \/>Con\u00e7u pour r\u00e9pondre aux besoins des utilisateurs d\u2019aujourd\u2019hui \u2014 des foyers aux bureaux \u00e0 domicile \u2014 il combine les meilleurs \u00e9l\u00e9ments des versions pr\u00e9c\u00e9dentes de Windows avec <strong data-start=\"394\" data-end=\"427\">de nouvelles fonctionnalit\u00e9s et am\u00e9liorations<\/strong> qui renforcent la productivit\u00e9, le confort et la protection.<\/p>\n<p data-start=\"481\" data-end=\"825\">Avec <strong data-start=\"486\" data-end=\"505\">Windows 10 Home<\/strong>, vous b\u00e9n\u00e9ficiez d\u2019un syst\u00e8me qui <strong data-start=\"529\" data-end=\"550\">d\u00e9marre en quelques secondes<\/strong>, fonctionne de mani\u00e8re fluide et est pr\u00eat pour toutes vos activit\u00e9s quotidiennes \u2014 navigation sur le web, visionnage de films, jeux vid\u00e9o, travail sur des documents ou gestion de photos.<br data-start=\"705\" data-end=\"708\" \/>Gr\u00e2ce \u00e0 sa <strong data-start=\"722\" data-end=\"744\">large compatibilit\u00e9<\/strong>, il fonctionne parfaitement avec des milliers d\u2019applications, de p\u00e9riph\u00e9riques et d\u2019appareils.<\/p>\n<p data-start=\"827\" data-end=\"1053\">La s\u00e9curit\u00e9 est une priorit\u00e9 absolue. Le <strong data-start=\"864\" data-end=\"884\">Windows Defender<\/strong> int\u00e9gr\u00e9 offre une protection en temps r\u00e9el contre les virus, les malwares et les menaces en ligne, tandis que les <strong data-start=\"967\" data-end=\"986\">mises \u00e0 jour r\u00e9guli\u00e8res<\/strong> garantissent que vous disposez toujours des derni\u00e8res fonctionnalit\u00e9s et correctifs de s\u00e9curit\u00e9.<\/p>\n<p data-start=\"1055\" data-end=\"1305\">Le syst\u00e8me inclut \u00e9galement des outils intelligents tels que <strong data-start=\"1100\" data-end=\"1111\">Cortana<\/strong>, votre assistant personnel pour g\u00e9rer vos t\u00e2ches et informations, <strong data-start=\"1173\" data-end=\"1191\">Microsoft Edge<\/strong>, le navigateur rapide et s\u00e9curis\u00e9, ainsi que <strong data-start=\"1230\" data-end=\"1254\">l\u2019int\u00e9gration OneDrive<\/strong> pour un stockage cloud simplifi\u00e9 et une synchronisation fluide de vos fichiers.<\/p>\n<p data-start=\"1307\" data-end=\"1577\"><strong data-start=\"1307\" data-end=\"1326\">Windows 10 Home<\/strong> est le choix id\u00e9al pour les utilisateurs recherchant un syst\u00e8me <strong data-start=\"1367\" data-end=\"1406\">stable, fiable et facile \u00e0 utiliser<\/strong> sur lequel ils peuvent compter au quotidien.<br data-start=\"1443\" data-end=\"1446\" \/>Il offre tout ce dont vous avez besoin \u2014 une utilisation fluide, une protection solide et des options de personnalisation adapt\u00e9es \u00e0 votre fa\u00e7on de travailler.<\/p>","protected":false},"excerpt":{"rendered":"<p data-start=\"1613\" data-end=\"2316\" data-is-last-node=\"\" data-is-only-node=\"\">\ud83d\udca0 <strong data-start=\"1616\" data-end=\"1643\">Interface conviviale<\/strong> \u2013 Design moderne et \u00e9pur\u00e9, \u00e0 la fois familier et facile \u00e0 utiliser<br data-start=\"1702\" data-end=\"1705\" \/>\u26a1 <strong data-start=\"1707\" data-end=\"1735\">Haute performance &amp; vitesse<\/strong> \u2013 D\u00e9marrage instantan\u00e9, multit\u00e2che fluide et fonctionnement efficace<br data-start=\"1799\" data-end=\"1802\" \/>\ud83d\udd12 <strong data-start=\"1805\" data-end=\"1825\">S\u00e9curit\u00e9 maximale<\/strong> \u2013 Windows Defender int\u00e9gr\u00e9 et mises \u00e0 jour automatiques continues<br data-start=\"1886\" data-end=\"1889\" \/>\ud83e\udde9 <strong data-start=\"1892\" data-end=\"1914\" data-is-only-node=\"\">Large compatibilit\u00e9<\/strong> \u2013 Fonctionne parfaitement avec applications, pilotes, jeux et p\u00e9riph\u00e9riques<br data-start=\"1976\" data-end=\"1979\" \/>\ud83c\udfe0 <strong data-start=\"1982\" data-end=\"2008\">Parfait pour un usage domestique<\/strong> \u2013 Allie simplicit\u00e9, stabilit\u00e9 et confort au quotidien<br data-start=\"2067\" data-end=\"2070\" \/>\u2601\ufe0f <strong data-start=\"2073\" data-end=\"2098\">Int\u00e9gration Microsoft<\/strong> \u2013 OneDrive, Office, Outlook et connectivit\u00e9 Edge<br data-start=\"2149\" data-end=\"2152\" \/>\ud83e\udde0 <strong data-start=\"2155\" data-end=\"2173\">Fonctionnalit\u00e9s intelligentes<\/strong> \u2013 Cortana vous aide \u00e0 planifier, rechercher et organiser vos t\u00e2ches<br data-start=\"2239\" data-end=\"2242\" \/>\ud83c\udfae <strong data-start=\"2245\" data-end=\"2268\">\u00c9quilibre travail &amp; divertissement<\/strong> \u2013 Id\u00e9al pour la productivit\u00e9 comme pour le loisir<\/p>","protected":false},"featured_media":1242,"comment_status":"open","ping_status":"closed","template":"","meta":[],"product_brand":[],"product_cat":[15],"product_tag":[],"class_list":{"0":"post-1212","1":"product","2":"type-product","3":"status-publish","4":"has-post-thumbnail","6":"product_cat-systemes-dexploitation","8":"first","9":"instock","10":"sale","11":"shipping-taxable","12":"purchasable","13":"product-type-simple"},"_links":{"self":[{"href":"https:\/\/softsrl.fr\/fr\/wp-json\/wp\/v2\/product\/1212","targetHints":{"allow":["GET"]}}],"collection":[{"href":"https:\/\/softsrl.fr\/fr\/wp-json\/wp\/v2\/product"}],"about":[{"href":"https:\/\/softsrl.fr\/fr\/wp-json\/wp\/v2\/types\/product"}],"replies":[{"embeddable":true,"href":"https:\/\/softsrl.fr\/fr\/wp-json\/wp\/v2\/comments?post=1212"}],"wp:featuredmedia":[{"embeddable":true,"href":"https:\/\/softsrl.fr\/fr\/wp-json\/wp\/v2\/media\/1242"}],"wp:attachment":[{"href":"https:\/\/softsrl.fr\/fr\/wp-json\/wp\/v2\/media?parent=1212"}],"wp:term":[{"taxonomy":"product_brand","embeddable":true,"href":"https:\/\/softsrl.fr\/fr\/wp-json\/wp\/v2\/product_brand?post=1212"},{"taxonomy":"product_cat","embeddable":true,"href":"https:\/\/softsrl.fr\/fr\/wp-json\/wp\/v2\/product_cat?post=1212"},{"taxonomy":"product_tag","embeddable":true,"href":"https:\/\/softsrl.fr\/fr\/wp-json\/wp\/v2\/product_tag?post=1212"}],"curies":[{"name":"wp","href":"https:\/\/api.w.org\/{rel}","templated":true}]}}