{"id":991,"date":"2025-10-20T23:33:20","date_gmt":"2025-10-20T23:33:20","guid":{"rendered":"https:\/\/softsrl.fr\/?page_id=991"},"modified":"2025-11-18T17:10:06","modified_gmt":"2025-11-18T17:10:06","slug":"installation-guides","status":"publish","type":"page","link":"https:\/\/softsrl.fr\/fr\/installation-guides\/","title":{"rendered":"Guides d&#8217;installation"},"content":{"rendered":"<div data-elementor-type=\"wp-page\" data-elementor-id=\"991\" class=\"elementor elementor-991\">\n\t\t\t\t<div class=\"elementor-element elementor-element-b07d332 e-flex e-con-boxed e-con e-parent\" data-id=\"b07d332\" data-element_type=\"container\" data-e-type=\"container\">\n\t\t\t\t\t<div class=\"e-con-inner\">\n\t\t\t\t<div class=\"elementor-element elementor-element-9af0987 elementor-widget elementor-widget-text-editor\" data-id=\"9af0987\" data-element_type=\"widget\" data-e-type=\"widget\" data-widget_type=\"text-editor.default\">\n\t\t\t\t\t\t\t\t\t<p data-start=\"95\" data-end=\"145\">\ud83d\udda5\ufe0f <strong data-start=\"99\" data-end=\"145\">Windows 10 \/ 11 Pro \u2013 Guide d\u2019Installation<\/strong><\/p><ol data-start=\"147\" data-end=\"803\">\n<li data-start=\"147\" data-end=\"363\">\n<p data-start=\"150\" data-end=\"363\">V\u00e9rifiez votre bo\u00eete mail ainsi que le dossier spam.<br data-start=\"202\" data-end=\"205\">\nVous recevrez votre cl\u00e9 de licence et un lien de t\u00e9l\u00e9chargement. Merci d\u2019utiliser <strong data-start=\"290\" data-end=\"319\">uniquement le lien fourni<\/strong> pour garantir une version s\u00fbre et v\u00e9rifi\u00e9e.<\/p>\n<\/li>\n<li data-start=\"365\" data-end=\"466\">\n<p data-start=\"368\" data-end=\"466\">T\u00e9l\u00e9chargez le fichier ISO de Windows depuis notre lien.<br data-start=\"424\" data-end=\"427\">\nEnregistrez-le sur votre ordinateur.<\/p>\n<\/li>\n<li data-start=\"468\" data-end=\"567\">\n<p data-start=\"471\" data-end=\"567\">Lancez l\u2019installation :<br data-start=\"494\" data-end=\"497\">\nChoisissez <strong data-start=\"511\" data-end=\"539\">\u00ab Installer maintenant \u00bb<\/strong> et suivez les instructions.<\/p>\n<\/li>\n<li data-start=\"569\" data-end=\"642\">\n<p data-start=\"572\" data-end=\"642\">Lorsque la cl\u00e9 vous est demand\u00e9e, entrez celle que nous avons fournie.<\/p>\n<\/li>\n<li data-start=\"644\" data-end=\"803\">\n<p data-start=\"647\" data-end=\"803\">Activez Windows :<br data-start=\"664\" data-end=\"667\">\nAllez dans <strong data-start=\"681\" data-end=\"718\">Param\u00e8tres \u2192 Syst\u00e8me \u2192 Activation<\/strong>.<br data-start=\"719\" data-end=\"722\">\nSaisissez votre cl\u00e9 de produit si cela n\u2019a pas \u00e9t\u00e9 fait durant l\u2019installation.<\/p>\n<\/li>\n<\/ol><p data-start=\"805\" data-end=\"872\">\u2705 C\u2019est termin\u00e9 ! Windows est maintenant activ\u00e9 et pr\u00eat \u00e0 l\u2019emploi.<\/p><hr data-start=\"874\" data-end=\"877\"><p data-start=\"879\" data-end=\"945\">\ud83d\udcbc <strong data-start=\"882\" data-end=\"945\">Office 2021 \/ 2024 Professional Plus \u2013 Guide d\u2019Installation<\/strong><\/p><ol data-start=\"947\" data-end=\"1739\">\n<li data-start=\"947\" data-end=\"1170\">\n<p data-start=\"950\" data-end=\"1170\">V\u00e9rifiez votre bo\u00eete de r\u00e9ception et le dossier spam.<br data-start=\"1003\" data-end=\"1006\">\nVous recevrez une cl\u00e9 de licence et un lien de t\u00e9l\u00e9chargement s\u00e9curis\u00e9. Utilisez toujours <strong data-start=\"1099\" data-end=\"1113\">notre lien<\/strong> pour obtenir le bon programme d&#8217;installation hors ligne.<\/p>\n<\/li>\n<li data-start=\"1172\" data-end=\"1308\">\n<p data-start=\"1175\" data-end=\"1308\">T\u00e9l\u00e9chargez l\u2019installateur depuis notre lien.<br data-start=\"1220\" data-end=\"1223\">\nSauvegardez le fichier sur votre ordinateur et extrayez-le s\u2019il est au format ZIP.<\/p>\n<\/li>\n<li data-start=\"1310\" data-end=\"1473\">\n<p data-start=\"1313\" data-end=\"1473\">Ex\u00e9cutez le fichier d\u2019installation (<strong data-start=\"1349\" data-end=\"1362\">Setup.exe<\/strong> ou <strong data-start=\"1366\" data-end=\"1385\">OfficeSetup.exe<\/strong>).<br data-start=\"1387\" data-end=\"1390\">\nPatientez jusqu\u2019\u00e0 la fin de l\u2019installation (cela peut prendre quelques minutes).<\/p>\n<\/li>\n<li data-start=\"1475\" data-end=\"1739\">\n<p data-start=\"1478\" data-end=\"1496\">Activez Office :<\/p>\n<ul data-start=\"1500\" data-end=\"1739\">\n<li data-start=\"1500\" data-end=\"1547\">\n<p data-start=\"1502\" data-end=\"1547\">Ouvrez une application comme Word ou Excel.<\/p>\n<\/li>\n<li data-start=\"1551\" data-end=\"1612\">\n<p data-start=\"1553\" data-end=\"1612\">Si une cl\u00e9 de produit est demand\u00e9e, entrez celle fournie.<\/p>\n<\/li>\n<li data-start=\"1616\" data-end=\"1675\">\n<p data-start=\"1618\" data-end=\"1675\">Attendez quelques secondes que l\u2019activation se termine.<\/p>\n<\/li>\n<li data-start=\"1679\" data-end=\"1739\">\n<p data-start=\"1681\" data-end=\"1739\">Red\u00e9marrez votre ordinateur pour finaliser l\u2019installation.<\/p>\n<\/li>\n<\/ul>\n<\/li>\n<\/ol><p data-start=\"1741\" data-end=\"1833\">\u2705 Vous pouvez maintenant utiliser Word, Excel, PowerPoint, Outlook, Access, et plus encore !<\/p><hr data-start=\"1835\" data-end=\"1838\"><p data-start=\"1840\" data-end=\"1943\">\ud83c\udfa8 <strong data-start=\"1843\" data-end=\"1889\">Produits Graphiques \u2013 Guide d\u2019Installation<\/strong><br data-start=\"1889\" data-end=\"1892\">\n<em data-start=\"1892\" data-end=\"1943\">(Photoshop, Illustrator, InDesign, Acrobat, etc.)<\/em><\/p><ol data-start=\"1945\" data-end=\"2776\">\n<li data-start=\"1945\" data-end=\"2154\">\n<p data-start=\"1948\" data-end=\"2154\">V\u00e9rifiez votre bo\u00eete mail ainsi que le dossier spam.<br data-start=\"2000\" data-end=\"2003\">\nVous recevrez votre code de licence et un lien de t\u00e9l\u00e9chargement. T\u00e9l\u00e9chargez toujours <strong data-start=\"2093\" data-end=\"2122\">uniquement via notre lien<\/strong> pour garantir la bonne version.<\/p>\n<\/li>\n<li data-start=\"2156\" data-end=\"2235\">\n<p data-start=\"2159\" data-end=\"2235\">T\u00e9l\u00e9chargez le fichier d\u2019installation et extrayez-le s\u2019il est en ZIP ou RAR.<\/p>\n<\/li>\n<li data-start=\"2237\" data-end=\"2378\">\n<p data-start=\"2240\" data-end=\"2265\">Lancez l\u2019installateur :<\/p>\n<ul data-start=\"2269\" data-end=\"2378\">\n<li data-start=\"2269\" data-end=\"2318\">\n<p data-start=\"2271\" data-end=\"2318\">Double-cliquez sur le fichier d\u2019installation.<\/p>\n<\/li>\n<li data-start=\"2322\" data-end=\"2378\">\n<p data-start=\"2324\" data-end=\"2378\">Si une autorisation est demand\u00e9e, cliquez sur <strong data-start=\"2370\" data-end=\"2377\">Oui<\/strong>.<\/p>\n<\/li>\n<\/ul>\n<\/li>\n<li data-start=\"2380\" data-end=\"2511\">\n<p data-start=\"2383\" data-end=\"2409\">Pendant l\u2019installation :<\/p>\n<ul data-start=\"2413\" data-end=\"2511\">\n<li data-start=\"2413\" data-end=\"2462\">\n<p data-start=\"2415\" data-end=\"2462\">Choisissez votre langue et votre emplacement.<\/p>\n<\/li>\n<li data-start=\"2466\" data-end=\"2511\">\n<p data-start=\"2468\" data-end=\"2511\">Patientez jusqu\u2019\u00e0 la fin de l\u2019installation.<\/p>\n<\/li>\n<\/ul>\n<\/li>\n<li data-start=\"2513\" data-end=\"2776\">\n<p data-start=\"2516\" data-end=\"2530\">Activation :<\/p>\n<ul data-start=\"2534\" data-end=\"2776\">\n<li data-start=\"2534\" data-end=\"2558\">\n<p data-start=\"2536\" data-end=\"2558\">Ouvrez le programme.<\/p>\n<\/li>\n<li data-start=\"2562\" data-end=\"2639\">\n<p data-start=\"2564\" data-end=\"2639\">S\u2019il vous est demand\u00e9 une cl\u00e9 ou un num\u00e9ro de s\u00e9rie, entrez celui fourni.<\/p>\n<\/li>\n<li data-start=\"2643\" data-end=\"2718\">\n<p data-start=\"2645\" data-end=\"2718\">Ne vous connectez <strong data-start=\"2663\" data-end=\"2670\">pas<\/strong> \u00e0 Creative Cloud, sauf instruction contraire.<\/p>\n<\/li>\n<li data-start=\"2722\" data-end=\"2776\">\n<p data-start=\"2724\" data-end=\"2776\">Apr\u00e8s activation, le logiciel fonctionne hors ligne.<\/p>\n<\/li>\n<\/ul>\n<\/li>\n<\/ol><p data-start=\"2778\" data-end=\"2832\">\u2705 Votre logiciel Adobe est maintenant pr\u00eat \u00e0 l\u2019usage !<\/p><hr data-start=\"2834\" data-end=\"2837\"><p data-start=\"2839\" data-end=\"2888\">\u26a0\ufe0f <strong data-start=\"2842\" data-end=\"2888\">Conseils Importants pour Tous les Produits<\/strong><\/p><p>\n\n\n\n\n\n\n\n\n\n\n\n\n<\/p><ul data-start=\"2890\" data-end=\"3251\">\n<li data-start=\"2890\" data-end=\"2994\">\n<p data-start=\"2892\" data-end=\"2994\">Utilisez toujours les liens de t\u00e9l\u00e9chargement que nous fournissons \u2014 ils sont s\u00e9curis\u00e9s et v\u00e9rifi\u00e9s.<\/p>\n<\/li>\n<li data-start=\"2995\" data-end=\"3068\">\n<p data-start=\"2997\" data-end=\"3068\">Si vous ne trouvez pas notre email, v\u00e9rifiez votre dossier spam\/junk.<\/p>\n<\/li>\n<li data-start=\"3069\" data-end=\"3154\">\n<p data-start=\"3071\" data-end=\"3154\">Conservez votre cl\u00e9 de licence dans un endroit s\u00fbr pour toute utilisation future.<\/p>\n<\/li>\n<li data-start=\"3155\" data-end=\"3251\">\n<p data-start=\"3157\" data-end=\"3251\">En cas de probl\u00e8me, contactez notre support \u2014 nous vous aiderons rapidement avec l\u2019activation.<\/p>\n<\/li>\n<\/ul>\t\t\t\t\t\t\t\t<\/div>\n\t\t\t\t\t<\/div>\n\t\t\t\t<\/div>\n\t\t\t\t<\/div>","protected":false},"excerpt":{"rendered":"<p>\ud83d\udda5\ufe0f Windows 10 \/ 11 Pro \u2013 Guide d\u2019Installation V\u00e9rifiez votre bo\u00eete mail ainsi que le dossier spam. Vous recevrez votre cl\u00e9 de licence et un lien de t\u00e9l\u00e9chargement. Merci d\u2019utiliser uniquement le lien fourni pour garantir une version s\u00fbre et v\u00e9rifi\u00e9e. T\u00e9l\u00e9chargez le fichier ISO de Windows depuis notre lien. Enregistrez-le sur votre ordinateur. [&hellip;]<\/p>\n","protected":false},"author":1,"featured_media":0,"parent":0,"menu_order":0,"comment_status":"closed","ping_status":"closed","template":"","meta":{"footnotes":""},"class_list":["post-991","page","type-page","status-publish","hentry"],"blocksy_meta":[],"_links":{"self":[{"href":"https:\/\/softsrl.fr\/fr\/wp-json\/wp\/v2\/pages\/991","targetHints":{"allow":["GET"]}}],"collection":[{"href":"https:\/\/softsrl.fr\/fr\/wp-json\/wp\/v2\/pages"}],"about":[{"href":"https:\/\/softsrl.fr\/fr\/wp-json\/wp\/v2\/types\/page"}],"author":[{"embeddable":true,"href":"https:\/\/softsrl.fr\/fr\/wp-json\/wp\/v2\/users\/1"}],"replies":[{"embeddable":true,"href":"https:\/\/softsrl.fr\/fr\/wp-json\/wp\/v2\/comments?post=991"}],"version-history":[{"count":8,"href":"https:\/\/softsrl.fr\/fr\/wp-json\/wp\/v2\/pages\/991\/revisions"}],"predecessor-version":[{"id":1371,"href":"https:\/\/softsrl.fr\/fr\/wp-json\/wp\/v2\/pages\/991\/revisions\/1371"}],"wp:attachment":[{"href":"https:\/\/softsrl.fr\/fr\/wp-json\/wp\/v2\/media?parent=991"}],"curies":[{"name":"wp","href":"https:\/\/api.w.org\/{rel}","templated":true}]}}