{"id":980,"date":"2025-10-20T23:32:17","date_gmt":"2025-10-20T23:32:17","guid":{"rendered":"https:\/\/softsrl.fr\/?page_id=980"},"modified":"2025-11-18T17:08:16","modified_gmt":"2025-11-18T17:08:16","slug":"privacy-policy","status":"publish","type":"page","link":"https:\/\/softsrl.fr\/fr\/privacy-policy\/","title":{"rendered":"Politique de confidentialit\u00e9"},"content":{"rendered":"<div data-elementor-type=\"wp-page\" data-elementor-id=\"980\" class=\"elementor elementor-980\">\n\t\t\t\t<div class=\"elementor-element elementor-element-964f17c e-flex e-con-boxed e-con e-parent\" data-id=\"964f17c\" data-element_type=\"container\" data-e-type=\"container\">\n\t\t\t\t\t<div class=\"e-con-inner\">\n\t\t\t\t<div class=\"elementor-element elementor-element-bdd1468 elementor-widget elementor-widget-text-editor\" data-id=\"bdd1468\" data-element_type=\"widget\" data-e-type=\"widget\" data-widget_type=\"text-editor.default\">\n\t\t\t\t\t\t\t\t\t<h2 data-start=\"391\" data-end=\"413\"><strong data-start=\"394\" data-end=\"413\">1. Introduction<\/strong><\/h2><p data-start=\"415\" data-end=\"772\">Softlite S.R.L. (\u00ab nous \u00bb, \u00ab notre \u00bb ou \u00ab nos \u00bb) accorde une grande importance \u00e0 votre vie priv\u00e9e et s\u2019engage \u00e0 prot\u00e9ger vos donn\u00e9es personnelles.<br data-start=\"561\" data-end=\"564\" \/>La pr\u00e9sente Politique de Confidentialit\u00e9 explique comment vos informations sont collect\u00e9es, utilis\u00e9es, stock\u00e9es et prot\u00e9g\u00e9es lorsque vous utilisez softsrl.fr ou lorsque vous effectuez un achat aupr\u00e8s de nous.<\/p><p data-start=\"774\" data-end=\"876\">En utilisant notre site ou en achetant nos produits, vous acceptez cette Politique de Confidentialit\u00e9.<\/p><hr data-start=\"878\" data-end=\"881\" \/><h2 data-start=\"883\" data-end=\"918\"><strong data-start=\"886\" data-end=\"918\">2. Responsable du traitement<\/strong><\/h2><p data-start=\"920\" data-end=\"1003\">Le responsable du traitement de vos donn\u00e9es personnelles conform\u00e9ment au RGPD est :<\/p><p data-start=\"1005\" data-end=\"1119\"><strong data-start=\"1005\" data-end=\"1024\">Softlite S.R.L.<\/strong><br data-start=\"1024\" data-end=\"1027\" \/>Adresse : Comuna L\u0103z\u0103reni, Nr. 38, Miheleu, Bihor, Roumanie<br data-start=\"1086\" data-end=\"1089\" \/>Email : <a class=\"decorated-link cursor-pointer\" rel=\"noopener\" data-start=\"1097\" data-end=\"1119\">softlite.srl@gmail.com<\/a><\/p><hr data-start=\"1121\" data-end=\"1124\" \/><h2 data-start=\"1126\" data-end=\"1163\"><strong data-start=\"1129\" data-end=\"1163\">3. Donn\u00e9es que nous collectons<\/strong><\/h2><p data-start=\"1165\" data-end=\"1289\">Nous collectons uniquement les donn\u00e9es n\u00e9cessaires au traitement de votre commande et au bon fonctionnement de nos services.<\/p><h3 data-start=\"1291\" data-end=\"1340\">a. <strong data-start=\"1298\" data-end=\"1340\">Informations fournies volontairement :<\/strong><\/h3><ul data-start=\"1342\" data-end=\"1543\"><li data-start=\"1342\" data-end=\"1357\"><p data-start=\"1344\" data-end=\"1357\">Nom complet<\/p><\/li><li data-start=\"1358\" data-end=\"1376\"><p data-start=\"1360\" data-end=\"1376\">Adresse e-mail<\/p><\/li><li data-start=\"1377\" data-end=\"1403\"><p data-start=\"1379\" data-end=\"1403\">Adresse de facturation<\/p><\/li><li data-start=\"1404\" data-end=\"1460\"><p data-start=\"1406\" data-end=\"1460\">Nom de l\u2019entreprise et num\u00e9ro de TVA (si applicable)<\/p><\/li><li data-start=\"1461\" data-end=\"1543\"><p data-start=\"1463\" data-end=\"1543\">D\u00e9tails de paiement (trait\u00e9s de mani\u00e8re s\u00e9curis\u00e9e via des prestataires externes)<\/p><\/li><\/ul><h3 data-start=\"1545\" data-end=\"1597\">b. <strong data-start=\"1552\" data-end=\"1597\">Informations collect\u00e9es automatiquement :<\/strong><\/h3><p data-start=\"1599\" data-end=\"1718\">Lors de votre visite sur notre site, certaines donn\u00e9es techniques peuvent \u00eatre collect\u00e9es automatiquement, telles que :<\/p><ul data-start=\"1720\" data-end=\"1875\"><li data-start=\"1720\" data-end=\"1734\"><p data-start=\"1722\" data-end=\"1734\">Adresse IP<\/p><\/li><li data-start=\"1735\" data-end=\"1768\"><p data-start=\"1737\" data-end=\"1768\">Type et version du navigateur<\/p><\/li><li data-start=\"1769\" data-end=\"1829\"><p data-start=\"1771\" data-end=\"1829\">Informations sur l\u2019appareil et le syst\u00e8me d\u2019exploitation<\/p><\/li><li data-start=\"1830\" data-end=\"1875\"><p data-start=\"1832\" data-end=\"1875\">Pages visit\u00e9es et temps pass\u00e9 sur le site<\/p><\/li><\/ul><p data-start=\"1877\" data-end=\"1975\">Ces donn\u00e9es sont utilis\u00e9es uniquement \u00e0 des fins d\u2019analyse, de s\u00e9curit\u00e9 et d\u2019optimisation du site.<\/p><hr data-start=\"1977\" data-end=\"1980\" \/><h2 data-start=\"1982\" data-end=\"2026\"><strong data-start=\"1985\" data-end=\"2026\">4. Finalit\u00e9 du traitement des donn\u00e9es<\/strong><\/h2><p data-start=\"2028\" data-end=\"2097\">Vos donn\u00e9es personnelles sont trait\u00e9es pour les finalit\u00e9s suivantes :<\/p><ul data-start=\"2099\" data-end=\"2351\"><li data-start=\"2099\" data-end=\"2145\"><p data-start=\"2101\" data-end=\"2145\">Traiter et livrer votre commande num\u00e9rique<\/p><\/li><li data-start=\"2146\" data-end=\"2190\"><p data-start=\"2148\" data-end=\"2190\">\u00c9mettre et envoyer des factures avec TVA<\/p><\/li><li data-start=\"2191\" data-end=\"2244\"><p data-start=\"2193\" data-end=\"2244\">Fournir une assistance et r\u00e9pondre \u00e0 vos demandes<\/p><\/li><li data-start=\"2245\" data-end=\"2297\"><p data-start=\"2247\" data-end=\"2297\">Respecter nos obligations comptables et fiscales<\/p><\/li><li data-start=\"2298\" data-end=\"2351\"><p data-start=\"2300\" data-end=\"2351\">Am\u00e9liorer l\u2019exp\u00e9rience utilisateur sur notre site<\/p><\/li><\/ul><p data-start=\"2353\" data-end=\"2466\">Nous ne vendons, ne louons et ne partageons <strong data-start=\"2397\" data-end=\"2407\">jamais<\/strong> vos donn\u00e9es personnelles \u00e0 des tiers \u00e0 des fins marketing.<\/p><hr data-start=\"2468\" data-end=\"2471\" \/><h2 data-start=\"2473\" data-end=\"2508\"><strong data-start=\"2476\" data-end=\"2508\">5. Base l\u00e9gale du traitement<\/strong><\/h2><p data-start=\"2510\" data-end=\"2553\">Le traitement de vos donn\u00e9es s\u2019appuie sur :<\/p><ul data-start=\"2555\" data-end=\"2844\"><li data-start=\"2555\" data-end=\"2617\"><p data-start=\"2557\" data-end=\"2617\">Ex\u00e9cution du contrat : pour vous fournir le produit achet\u00e9<\/p><\/li><li data-start=\"2618\" data-end=\"2695\"><p data-start=\"2620\" data-end=\"2695\">Obligation l\u00e9gale : conformit\u00e9 aux r\u00e9glementations fiscales et comptables<\/p><\/li><li data-start=\"2696\" data-end=\"2761\"><p data-start=\"2698\" data-end=\"2761\">Int\u00e9r\u00eat l\u00e9gitime : s\u00e9curit\u00e9 du site et pr\u00e9vention des fraudes<\/p><\/li><li data-start=\"2762\" data-end=\"2844\"><p data-start=\"2764\" data-end=\"2844\">Consentement : pour les newsletters ou emails marketing (si vous vous inscrivez)<\/p><\/li><\/ul><hr data-start=\"2846\" data-end=\"2849\" \/><h2 data-start=\"2851\" data-end=\"2882\"><strong data-start=\"2854\" data-end=\"2882\">6. Dur\u00e9e de conservation<\/strong><\/h2><p data-start=\"2884\" data-end=\"2955\">Les donn\u00e9es sont conserv\u00e9es uniquement pendant les dur\u00e9es n\u00e9cessaires :<\/p><ul data-start=\"2957\" data-end=\"3154\"><li data-start=\"2957\" data-end=\"3041\"><p data-start=\"2959\" data-end=\"3041\">Donn\u00e9es de commande et de facturation : jusqu\u2019\u00e0 <strong data-start=\"3007\" data-end=\"3017\">10 ans<\/strong> (obligations l\u00e9gales)<\/p><\/li><li data-start=\"3042\" data-end=\"3091\"><p data-start=\"3044\" data-end=\"3091\">Communications de support : jusqu\u2019\u00e0 <strong data-start=\"3080\" data-end=\"3089\">2 ans<\/strong><\/p><\/li><li data-start=\"3092\" data-end=\"3154\"><p data-start=\"3094\" data-end=\"3154\">Donn\u00e9es li\u00e9es \u00e0 la newsletter : jusqu\u2019\u00e0 votre d\u00e9sinscription<\/p><\/li><\/ul><hr data-start=\"3156\" data-end=\"3159\" \/><h2 data-start=\"3161\" data-end=\"3191\"><strong data-start=\"3164\" data-end=\"3191\">7. S\u00e9curit\u00e9 des donn\u00e9es<\/strong><\/h2><p data-start=\"3193\" data-end=\"3504\">Nous mettons en place des mesures techniques et organisationnelles appropri\u00e9es pour prot\u00e9ger vos donn\u00e9es contre la perte, l\u2019acc\u00e8s non autoris\u00e9, la modification ou la destruction.<br data-start=\"3371\" data-end=\"3374\" \/>Vos informations de paiement sont g\u00e9r\u00e9es exclusivement par des prestataires certifi\u00e9s et ne sont jamais stock\u00e9es sur nos serveurs.<\/p><hr data-start=\"3506\" data-end=\"3509\" \/><h2 data-start=\"3511\" data-end=\"3540\"><strong data-start=\"3514\" data-end=\"3540\">8. Partage des donn\u00e9es<\/strong><\/h2><p data-start=\"3542\" data-end=\"3594\">Vos donn\u00e9es peuvent \u00eatre partag\u00e9es uniquement avec :<\/p><ul data-start=\"3596\" data-end=\"3786\"><li data-start=\"3596\" data-end=\"3656\"><p data-start=\"3598\" data-end=\"3656\">Prestataires de paiement (pour traiter les transactions)<\/p><\/li><li data-start=\"3657\" data-end=\"3719\"><p data-start=\"3659\" data-end=\"3719\">Services comptables et de facturation (conformit\u00e9 fiscale)<\/p><\/li><li data-start=\"3720\" data-end=\"3786\"><p data-start=\"3722\" data-end=\"3786\">Fournisseurs informatiques (h\u00e9bergement du site, services email)<\/p><\/li><\/ul><p data-start=\"3788\" data-end=\"3884\">Tous nos partenaires respectent le RGPD et sont soumis \u00e0 des accords de confidentialit\u00e9 stricts.<\/p><hr data-start=\"3886\" data-end=\"3889\" \/><h2 data-start=\"3891\" data-end=\"3933\"><strong data-start=\"3894\" data-end=\"3933\">9. Cookies et technologies de suivi<\/strong><\/h2><p data-start=\"3935\" data-end=\"4205\">Notre site utilise des cookies afin d\u2019am\u00e9liorer votre exp\u00e9rience et d\u2019analyser le trafic.<br data-start=\"4024\" data-end=\"4027\" \/>Les cookies sont de petits fichiers enregistr\u00e9s sur votre appareil pour reconna\u00eetre vos pr\u00e9f\u00e9rences.<br data-start=\"4127\" data-end=\"4130\" \/>Vous pouvez d\u00e9sactiver les cookies dans les param\u00e8tres de votre navigateur.<\/p><hr data-start=\"4207\" data-end=\"4210\" \/><h2 data-start=\"4212\" data-end=\"4247\"><strong data-start=\"4215\" data-end=\"4247\">10. Vos droits selon le RGPD<\/strong><\/h2><p data-start=\"4249\" data-end=\"4284\">Vous disposez des droits suivants :<\/p><ul data-start=\"4286\" data-end=\"4519\"><li data-start=\"4286\" data-end=\"4317\"><p data-start=\"4288\" data-end=\"4317\">Droit d\u2019acc\u00e8s \u00e0 vos donn\u00e9es<\/p><\/li><li data-start=\"4318\" data-end=\"4344\"><p data-start=\"4320\" data-end=\"4344\">Droit de rectification<\/p><\/li><li data-start=\"4345\" data-end=\"4391\"><p data-start=\"4347\" data-end=\"4391\">Droit \u00e0 l\u2019effacement (\u00ab droit \u00e0 l\u2019oubli \u00bb)<\/p><\/li><li data-start=\"4392\" data-end=\"4414\"><p data-start=\"4394\" data-end=\"4414\">Droit d\u2019opposition<\/p><\/li><li data-start=\"4415\" data-end=\"4453\"><p data-start=\"4417\" data-end=\"4453\">Droit \u00e0 la portabilit\u00e9 des donn\u00e9es<\/p><\/li><li data-start=\"4454\" data-end=\"4519\"><p data-start=\"4456\" data-end=\"4519\">Droit de retirer votre consentement (pour les emails marketing)<\/p><\/li><\/ul><p data-start=\"4521\" data-end=\"4609\">Pour exercer l\u2019un de ces droits, veuillez nous contacter \u00e0 :<br data-start=\"4581\" data-end=\"4584\" \/>\ud83d\udce7 <a class=\"decorated-link cursor-pointer\" rel=\"noopener\" data-start=\"4587\" data-end=\"4609\">softlite.srl@gmail.com<\/a><\/p><hr data-start=\"4611\" data-end=\"4614\" \/><h2 data-start=\"4616\" data-end=\"4661\"><strong data-start=\"4619\" data-end=\"4661\">11. Transfert international de donn\u00e9es<\/strong><\/h2><p data-start=\"4663\" data-end=\"4811\">Toutes les donn\u00e9es personnelles sont stock\u00e9es et trait\u00e9es au sein de l\u2019Union europ\u00e9enne.<br data-start=\"4751\" data-end=\"4754\" \/>Nous ne transf\u00e9rons pas de donn\u00e9es en dehors de l\u2019UE\/EEE.<\/p><hr data-start=\"4813\" data-end=\"4816\" \/><h2 data-start=\"4818\" data-end=\"4859\"><strong data-start=\"4821\" data-end=\"4859\">12. Newsletter et emails marketing<\/strong><\/h2><p data-start=\"4861\" data-end=\"5143\">Si vous vous abonnez \u00e0 notre newsletter, nous utiliserons votre adresse e-mail pour vous envoyer des promotions, mises \u00e0 jour et offres sp\u00e9ciales.<br data-start=\"5007\" data-end=\"5010\" \/>Vous pouvez vous d\u00e9sabonner \u00e0 tout moment via le lien \u00ab Se d\u00e9sabonner \u00bb pr\u00e9sent dans chaque e-mail ou en nous contactant directement.<\/p><hr data-start=\"5145\" data-end=\"5148\" \/><h2 data-start=\"5150\" data-end=\"5190\"><strong data-start=\"5153\" data-end=\"5190\">13. Liens vers des sites externes<\/strong><\/h2><p data-start=\"5192\" data-end=\"5349\">Notre site peut contenir des liens vers des sites tiers. Nous ne sommes pas responsables de leurs pratiques en mati\u00e8re de confidentialit\u00e9 ni de leur contenu.<\/p><hr data-start=\"5351\" data-end=\"5354\" \/><h2 data-start=\"5356\" data-end=\"5399\"><strong data-start=\"5359\" data-end=\"5399\">14. Modifications de cette Politique<\/strong><\/h2><p data-start=\"5401\" data-end=\"5623\">Nous pouvons mettre \u00e0 jour cette Politique de Confidentialit\u00e9 pour refl\u00e9ter des changements l\u00e9gaux ou am\u00e9liorer nos pratiques de protection des donn\u00e9es.<br data-start=\"5553\" data-end=\"5556\" \/>La version la plus r\u00e9cente sera toujours disponible sur cette page.<\/p><hr data-start=\"5625\" data-end=\"5628\" \/><h2 data-start=\"5630\" data-end=\"5648\"><strong data-start=\"5633\" data-end=\"5648\">15. Contact<\/strong><\/h2><p data-start=\"5650\" data-end=\"5774\">Pour toute question relative \u00e0 la confidentialit\u00e9 ou au traitement de vos donn\u00e9es personnelles :<br data-start=\"5746\" data-end=\"5749\" \/>\ud83d\udce7 <a class=\"decorated-link cursor-pointer\" rel=\"noopener\" data-start=\"5752\" data-end=\"5774\">softlite.srl@gmail.com<\/a><\/p>\t\t\t\t\t\t\t\t<\/div>\n\t\t\t\t\t<\/div>\n\t\t\t\t<\/div>\n\t\t\t\t<\/div>","protected":false},"excerpt":{"rendered":"<p>1. Introduction Softlite S.R.L. (\u00ab nous \u00bb, \u00ab notre \u00bb ou \u00ab nos \u00bb) accorde une grande importance \u00e0 votre vie priv\u00e9e et s\u2019engage \u00e0 prot\u00e9ger vos donn\u00e9es personnelles.La pr\u00e9sente Politique de Confidentialit\u00e9 explique comment vos informations sont collect\u00e9es, utilis\u00e9es, stock\u00e9es et prot\u00e9g\u00e9es lorsque vous utilisez softsrl.fr ou lorsque vous effectuez un achat aupr\u00e8s de [&hellip;]<\/p>\n","protected":false},"author":1,"featured_media":0,"parent":0,"menu_order":0,"comment_status":"closed","ping_status":"closed","template":"","meta":{"footnotes":""},"class_list":["post-980","page","type-page","status-publish","hentry"],"blocksy_meta":[],"_links":{"self":[{"href":"https:\/\/softsrl.fr\/fr\/wp-json\/wp\/v2\/pages\/980","targetHints":{"allow":["GET"]}}],"collection":[{"href":"https:\/\/softsrl.fr\/fr\/wp-json\/wp\/v2\/pages"}],"about":[{"href":"https:\/\/softsrl.fr\/fr\/wp-json\/wp\/v2\/types\/page"}],"author":[{"embeddable":true,"href":"https:\/\/softsrl.fr\/fr\/wp-json\/wp\/v2\/users\/1"}],"replies":[{"embeddable":true,"href":"https:\/\/softsrl.fr\/fr\/wp-json\/wp\/v2\/comments?post=980"}],"version-history":[{"count":14,"href":"https:\/\/softsrl.fr\/fr\/wp-json\/wp\/v2\/pages\/980\/revisions"}],"predecessor-version":[{"id":1368,"href":"https:\/\/softsrl.fr\/fr\/wp-json\/wp\/v2\/pages\/980\/revisions\/1368"}],"wp:attachment":[{"href":"https:\/\/softsrl.fr\/fr\/wp-json\/wp\/v2\/media?parent=980"}],"curies":[{"name":"wp","href":"https:\/\/api.w.org\/{rel}","templated":true}]}}